{"id":8550,"date":"2022-11-11T14:51:24","date_gmt":"2022-11-11T13:51:24","guid":{"rendered":"https:\/\/ammersee-hotel.de\/emplois\/"},"modified":"2026-02-04T13:05:18","modified_gmt":"2026-02-04T12:05:18","slug":"emplois","status":"publish","type":"page","link":"https:\/\/ammersee-hotel.de\/fr\/emplois\/","title":{"rendered":"Emplois"},"content":{"rendered":"\t\t<div data-elementor-type=\"wp-page\" data-elementor-id=\"8550\" class=\"elementor elementor-8550 elementor-3079\" data-elementor-post-type=\"page\">\n\t\t\t\t\t\t<section class=\"elementor-section elementor-top-section elementor-element elementor-element-59ecaec9 elementor-section-boxed elementor-section-height-default elementor-section-height-default\" data-id=\"59ecaec9\" data-element_type=\"section\" data-e-type=\"section\" data-settings=\"{&quot;background_background&quot;:&quot;classic&quot;}\">\n\t\t\t\t\t\t<div class=\"elementor-container elementor-column-gap-default\">\n\t\t\t\t\t<div class=\"elementor-column elementor-col-100 elementor-top-column elementor-element elementor-element-4e0e1627\" data-id=\"4e0e1627\" data-element_type=\"column\" data-e-type=\"column\">\n\t\t\t<div class=\"elementor-widget-wrap elementor-element-populated\">\n\t\t\t\t\t\t<div class=\"elementor-element elementor-element-4555317b elementor-widget__width-initial elementor-widget elementor-widget-text-editor\" data-id=\"4555317b\" data-element_type=\"widget\" data-e-type=\"widget\" data-widget_type=\"text-editor.default\">\n\t\t\t\t<div class=\"elementor-widget-container\">\n\t\t\t\t\t\t\t\t\t<h2>EMPLOIS<\/h2>\n<h3>Travailler \u00e0 l\u2019h\u00f4tel Ammersee<\/h3>\n<div> <\/div>\n\t\t\t\t\t\t\t\t<\/div>\n\t\t\t\t<\/div>\n\t\t\t\t<section class=\"elementor-section elementor-inner-section elementor-element elementor-element-4e88afd elementor-reverse-mobile elementor-section-boxed elementor-section-height-default elementor-section-height-default\" data-id=\"4e88afd\" data-element_type=\"section\" data-e-type=\"section\">\n\t\t\t\t\t\t<div class=\"elementor-container elementor-column-gap-default\">\n\t\t\t\t\t<div class=\"elementor-column elementor-col-50 elementor-inner-column elementor-element elementor-element-f5bdb47\" data-id=\"f5bdb47\" data-element_type=\"column\" data-e-type=\"column\">\n\t\t\t<div class=\"elementor-widget-wrap elementor-element-populated\">\n\t\t\t\t\t\t<div class=\"elementor-element elementor-element-ea853c3 elementor-widget elementor-widget-text-editor\" data-id=\"ea853c3\" data-element_type=\"widget\" data-e-type=\"widget\" data-widget_type=\"text-editor.default\">\n\t\t\t\t<div class=\"elementor-widget-container\">\n\t\t\t\t\t\t\t\t\t<h3><strong>PERSONNEL DE SERVICE \/ BARRE DE SERVICE ALLROUNDER (H\/F\/D)  <\/strong><\/h3>\n<p>Lieu&nbsp;: Ammersee-Hotel \/ Steg32 \u00e0 Herrsching, Bavi\u00e8re<\/p>\n<p>Admission : D\u00e8s maintenant ou sur rendez-vous<\/p>\n<p>Emploi : Temps plein | Illimit\u00e9<\/p>\n<p><strong>QUI SOMMES-NOUS<\/strong><\/p>\n<p>L\u2019h\u00f4tel Ammersee et le restaurant Steg32 offrent un confort moderne, une cuisine cr\u00e9ative et une hospitalit\u00e9 chaleureuse directement sur le lac. Nous souhaitons renforcer notre \u00e9quipe de mani\u00e8re cibl\u00e9e afin de cr\u00e9er ensemble une exp\u00e9rience h\u00f4teli\u00e8re extraordinaire chaque jour. <\/p>\n<p><strong>VOTRE MISSION<\/strong><\/p>\n<p>En tant qu\u2019employ\u00e9 de service ou de bar, vous \u00eates au c\u0153ur de l\u2019action : vous veillez \u00e0 ce que nos clients se sentent les bienvenus &#8211; que ce soit au petit-d\u00e9jeuner, au d\u00e9jeuner, au d\u00eener ou au bar. Avec charme, attention et esprit d\u2019\u00e9quipe, vous contribuez chaque jour \u00e0 faire des h\u00f4tes des habitu\u00e9s. <\/p>\n<p><strong>VOS T\u00c2CHES<\/strong><\/p>\n<ul>\n<li>Service chaleureux au restaurant, au salon ou au bar<br \/>\n<style>@font-face<br \/>\t{font-family:\"Cambria Math\";<br \/>\tpanose-1:2 4 5 3 5 4 6 3 2 4;<br \/>\tmso-font-charset:0;<br \/>\tmso-generic-font-family:roman;<br \/>\tmso-font-pitch:variable;<br \/>\tmso-font-signature:-536870145 1107305727 0 0 415 0;}p.MsoNormal, li.MsoNormal, div.MsoNormal<br \/>\t{mso-style-unhide:no;<br \/>\tmso-style-qformat:yes;<br \/>\tmso-style-parent:\"\";<br \/>\tmargin:0cm;<br \/>\ttext-align:justify;<br \/>\tline-height:150%;<br \/>\tmso-pagination:widow-orphan;<br \/>\tfont-size:12.0pt;<br \/>\tmso-bidi-font-size:10.0pt;<br \/>\tfont-family:\"Arial\",sans-serif;<br \/>\tmso-fareast-font-family:\"Times New Roman\";<br \/>\tmso-bidi-font-family:\"Times New Roman\";}.MsoChpDefault<br \/>\t{mso-style-type:export-only;<br \/>\tmso-default-props:yes;<br \/>\tfont-family:\"Calibri\",sans-serif;<br \/>\tmso-ascii-font-family:Calibri;<br \/>\tmso-ascii-theme-font:minor-latin;<br \/>\tmso-hansi-font-family:Calibri;<br \/>\tmso-hansi-theme-font:minor-latin;<br \/>\tmso-bidi-font-family:\"Times New Roman\";<br \/>\tmso-bidi-theme-font:minor-bidi;<br \/>\tmso-fareast-language:EN-US;}div.WordSection1<br \/>\t{page:WordSection1;}<\/style>\n<style>@font-face<br \/>\t{font-family:\"Cambria Math\";<br \/>\tpanose-1:2 4 5 3 5 4 6 3 2 4;<br \/>\tmso-font-charset:0;<br \/>\tmso-generic-font-family:roman;<br \/>\tmso-font-pitch:variable;<br \/>\tmso-font-signature:-536870145 1107305727 0 0 415 0;}p.MsoNormal, li.MsoNormal, div.MsoNormal<br \/>\t{mso-style-unhide:no;<br \/>\tmso-style-qformat:yes;<br \/>\tmso-style-parent:\"\";<br \/>\tmargin:0cm;<br \/>\ttext-align:justify;<br \/>\tline-height:150%;<br \/>\tmso-pagination:widow-orphan;<br \/>\tfont-size:12.0pt;<br \/>\tmso-bidi-font-size:10.0pt;<br \/>\tfont-family:\"Arial\",sans-serif;<br \/>\tmso-fareast-font-family:\"Times New Roman\";<br \/>\tmso-bidi-font-family:\"Times New Roman\";}.MsoChpDefault<br \/>\t{mso-style-type:export-only;<br \/>\tmso-default-props:yes;<br \/>\tfont-family:\"Calibri\",sans-serif;<br \/>\tmso-ascii-font-family:Calibri;<br \/>\tmso-ascii-theme-font:minor-latin;<br \/>\tmso-hansi-font-family:Calibri;<br \/>\tmso-hansi-theme-font:minor-latin;<br \/>\tmso-bidi-font-family:\"Times New Roman\";<br \/>\tmso-bidi-theme-font:minor-bidi;<br \/>\tmso-fareast-language:EN-US;}div.WordSection1<br \/>\t{page:WordSection1;}<\/style>\n<\/li>\n<li>Conseils sur le choix des aliments et des boissons<\/li>\n<li>Gestion ind\u00e9pendante d\u2019une station-service ou d\u2019un bar<\/li>\n<li>Pr\u00e9paration et distribution des boissons<\/li>\n<li>Coop\u00e9ration avec la cuisine et la r\u00e9ception pour un processus sans heurts<\/li>\n<\/ul>\n<p><strong>  CE QUE VOUS APPORTEZ \u00c0 LA TABLE<\/strong><\/p>\n<div>\n<ul>\n<li>Une exp\u00e9rience dans le service ou au bar est un avantage &#8211; les personnes qui changent de carri\u00e8re sont les bienvenues<\/li>\n<li>Passion pour la gastronomie et plaisir de traiter avec les gens<\/li>\n<li>Service solide et orientation vers la qualit\u00e9<\/li>\n<li>Fiabilit\u00e9, capacit\u00e9 \u00e0 travailler en \u00e9quipe et apparence soign\u00e9e<\/li>\n<li>Une bonne connaissance de l\u2019allemand et de l\u2019anglais est un atout<\/li>\n<li>Ma\u00eetrise des logiciels h\u00f4teliers (par ex. Mews, HGK, Bizzon) et de MS Office<\/li>\n<\/ul>\n<div>\n<p><strong>POURQUOI DEVRIEZ-VOUS NOUS REJOINDRE<\/strong><\/p>\n<ul>\n<li>Travail appr\u00e9ciable dans un endroit fantastique au bord du lac Ammersee<\/li>\n<li>Atmosph\u00e8re de travail familiale combin\u00e9e au professionnalisme<\/li>\n<li>Points forts culinaires \u00e0 Steg32 et r\u00e9ductions attrayantes pour les employ\u00e9s<\/li>\n<li>Possibilit\u00e9s de formation continue et de carri\u00e8re<\/li>\n<li>R\u00e9mun\u00e9ration li\u00e9e \u00e0 la performance et avantages int\u00e9ressants<\/li>\n<\/ul>\n<p><strong>POSTULEZ D\u00c8S MAINTENANT&nbsp;!<\/strong><\/p>\n<p>Si vous souhaitez apporter votre passion pour l\u2019hospitalit\u00e9 dans un h\u00f4tel \u00e0 l\u2019atmosph\u00e8re unique, nous nous r\u00e9jouissons de recevoir votre dossier de candidature complet (CV, certificats, lettre de motivation) indiquant la date d\u2019entr\u00e9e en fonction la plus proche possible et vos pr\u00e9tentions salariales \u00e0 jobs@ammersee-hotel.de<\/p>\n<\/div>\n<\/div>\n\t\t\t\t\t\t\t\t<\/div>\n\t\t\t\t<\/div>\n\t\t\t\t\t<\/div>\n\t\t<\/div>\n\t\t\t\t<div class=\"elementor-column elementor-col-50 elementor-inner-column elementor-element elementor-element-aa544ac\" data-id=\"aa544ac\" data-element_type=\"column\" data-e-type=\"column\">\n\t\t\t<div class=\"elementor-widget-wrap elementor-element-populated\">\n\t\t\t\t\t\t<div class=\"elementor-element elementor-element-3a22336 elementor-widget__width-initial elementor-hidden-widescreen elementor-hidden-desktop elementor-hidden-laptop elementor-hidden-tablet_extra elementor-hidden-tablet elementor-hidden-mobile elementor-widget elementor-widget-text-editor\" data-id=\"3a22336\" data-element_type=\"widget\" data-e-type=\"widget\" data-widget_type=\"text-editor.default\">\n\t\t\t\t<div class=\"elementor-widget-container\">\n\t\t\t\t\t\t\t\t\t<h3><strong>RESPONSABLE FRONT OFFICE (H\/F\/D)  <\/strong><\/h3>\n<p>Lieu&nbsp;: Ammersee-Hotel \/ Steg32 \u00e0 Herrsching, Bavi\u00e8re<\/p>\n<p>Admission : D\u00e8s maintenant ou sur rendez-vous<\/p>\n<p>Emploi : Temps plein | Illimit\u00e9<\/p>\n<p><strong>QUI SOMMES-NOUS<\/strong><\/p>\n<p>L\u2019Ammersee Hotel est un h\u00f4tel \u00e9l\u00e9gant et en m\u00eame temps chaleureux situ\u00e9 dans un emplacement privil\u00e9gi\u00e9 directement sur les rives du lac Ammersee. Dans notre restaurant Steg32, nous combinons une cuisine moderne avec un charme r\u00e9gional et ravissons nos clients avec des plats cr\u00e9atifs et une vue inoubliable sur le lac. <\/p>\n<p><strong>VOTRE MISSION<\/strong><\/p>\n<p>En tant que Front Office Manager (h\/f\/d), vous \u00eates un h\u00f4te passionn\u00e9 et veillez \u00e0 ce que nos clients ressentent la haute qualit\u00e9 du service d\u00e8s le premier contact jusqu\u2019au d\u00e9part. En m\u00eame temps, vous gardez une vue d\u2019ensemble de tous les processus \u00e0 la r\u00e9ception et pilotez l\u2019optimisation des processus. <\/p>\n<p><strong>VOS T\u00c2CHES<\/strong><\/p>\n<ul>\n<li>Responsabilit\u00e9 globale de l\u2019espace d\u2019accueil : du check-in au check-out<\/li>\n<li>Leadership et motivation de l\u2019\u00e9quipe front office<\/li>\n<li>Poursuite du d\u00e9veloppement et de l\u2019optimisation de nos normes et processus<\/li>\n<li>Gestion de l\u2019interface avec le restaurant, l\u2019entretien m\u00e9nager et les r\u00e9servations<\/li>\n<li>Gestion professionnelle des r\u00e9clamations et garantie de la satisfaction des clients<\/li>\n<li>Cr\u00e9ation de rapports pertinents (par exemple, occupation, chiffre d\u2019affaires, satisfaction des clients)<\/li>\n<\/ul>\n<p><strong>CE QUE VOUS APPORTEZ \u00c0 LA TABLE<\/strong><\/p>\n<ul>\n<li>Formation compl\u00e8te dans le domaine de l\u2019h\u00f4tellerie ou \u00e9tudes comparables<\/li>\n<li>Plusieurs ann\u00e9es d\u2019exp\u00e9rience dans le front office, id\u00e9alement dans un poste de direction<\/li>\n<li>Service solide et orientation vers la qualit\u00e9<\/li>\n<li>Talent organisationnel et comp\u00e9tences en communication<\/li>\n<li>Tr\u00e8s bonne connaissance de l\u2019allemand et de l\u2019anglais, tant \u00e0 l\u2019\u00e9crit qu\u2019\u00e0 l\u2019oral<\/li>\n<li>Ma\u00eetrise des logiciels h\u00f4teliers (par ex. Mews, HGK, Bizzon) et de MS Office<\/li>\n<\/ul>\n<p><strong>POURQUOI DEVRIEZ-VOUS NOUS REJOINDRE<\/strong><\/p>\n<ul>\n<li>Travailler dans un endroit fantastique au bord du lac Ammersee<\/li>\n<li>Atmosph\u00e8re de travail familiale combin\u00e9e au professionnalisme<\/li>\n<li>Points forts culinaires \u00e0 Steg32 et r\u00e9ductions attrayantes pour les employ\u00e9s<\/li>\n<li>Possibilit\u00e9s de formation continue et de carri\u00e8re<\/li>\n<li>R\u00e9mun\u00e9ration li\u00e9e \u00e0 la performance et avantages int\u00e9ressants<\/li>\n<\/ul>\n<p><strong>POSTULEZ D\u00c8S MAINTENANT&nbsp;!<\/strong><\/p>\n<p>Si vous souhaitez apporter votre passion pour l\u2019hospitalit\u00e9 dans un h\u00f4tel \u00e0 l\u2019atmosph\u00e8re unique, nous nous r\u00e9jouissons de recevoir votre dossier de candidature complet (CV, certificats, lettre de motivation) indiquant la date d\u2019entr\u00e9e en fonction la plus proche possible et vos pr\u00e9tentions salariales \u00e0 jobs@ammersee-hotel.de<\/p>\n\t\t\t\t\t\t\t\t<\/div>\n\t\t\t\t<\/div>\n\t\t\t\t\t<\/div>\n\t\t<\/div>\n\t\t\t\t\t<\/div>\n\t\t<\/section>\n\t\t\t\t\t<\/div>\n\t\t<\/div>\n\t\t\t\t\t<\/div>\n\t\t<\/section>\n\t\t\t\t<section class=\"elementor-section elementor-top-section elementor-element elementor-element-47c850a elementor-section-boxed elementor-section-height-default elementor-section-height-default\" data-id=\"47c850a\" data-element_type=\"section\" data-e-type=\"section\">\n\t\t\t\t\t\t<div class=\"elementor-container elementor-column-gap-default\">\n\t\t\t\t\t<div class=\"elementor-column elementor-col-100 elementor-top-column elementor-element elementor-element-4a0ceee\" data-id=\"4a0ceee\" data-element_type=\"column\" data-e-type=\"column\">\n\t\t\t<div class=\"elementor-widget-wrap\">\n\t\t\t\t\t\t\t<\/div>\n\t\t<\/div>\n\t\t\t\t\t<\/div>\n\t\t<\/section>\n\t\t\t\t<section class=\"elementor-section elementor-top-section elementor-element elementor-element-a32474a elementor-section-boxed elementor-section-height-default elementor-section-height-default\" data-id=\"a32474a\" data-element_type=\"section\" data-e-type=\"section\">\n\t\t\t\t\t\t<div class=\"elementor-container elementor-column-gap-default\">\n\t\t\t\t\t<div class=\"elementor-column elementor-col-100 elementor-top-column elementor-element elementor-element-39531ab\" data-id=\"39531ab\" data-element_type=\"column\" data-e-type=\"column\">\n\t\t\t<div class=\"elementor-widget-wrap elementor-element-populated\">\n\t\t\t\t\t\t<section class=\"elementor-section elementor-inner-section elementor-element elementor-element-19079ba elementor-section-boxed elementor-section-height-default elementor-section-height-default\" data-id=\"19079ba\" data-element_type=\"section\" data-e-type=\"section\">\n\t\t\t\t\t\t<div class=\"elementor-container elementor-column-gap-default\">\n\t\t\t\t\t<div class=\"elementor-column elementor-col-100 elementor-inner-column elementor-element elementor-element-b9e4f4d\" data-id=\"b9e4f4d\" data-element_type=\"column\" data-e-type=\"column\">\n\t\t\t<div class=\"elementor-widget-wrap elementor-element-populated\">\n\t\t\t\t\t\t<div class=\"elementor-element elementor-element-52179da elementor-widget__width-initial elementor-widget elementor-widget-text-editor\" data-id=\"52179da\" data-element_type=\"widget\" data-e-type=\"widget\" data-widget_type=\"text-editor.default\">\n\t\t\t\t<div class=\"elementor-widget-container\">\n\t\t\t\t\t\t\t\t\t<h3>Votre candidature aux postes vacants<\/h3>\n<p>L\u2019h\u00f4tel Ammersee est situ\u00e9 directement sur la rive orientale de l\u2019idyllique Ammersee, \u00e0 environ 30 km \u00e0 l\u2019ouest de Munich.<br \/>Directement sur la plus longue promenade du front de mer d\u2019Allemagne, nous proposons \u00e0 nos clients 40 chambres individuelles modernes, notre restaurant STEG 32 avec terrasse au bord du lac, l\u2019Ammersee Lounge, le Tom Dixon Wine Lounge, des salles de conf\u00e9rence exclusives et l\u2019Ammersee SPA.<\/p>\n<p>En tant qu\u2019h\u00f4tel priv\u00e9 g\u00e9r\u00e9 par son propri\u00e9taire, nous attachons une grande importance \u00e0 la qualit\u00e9, au service et \u00e0 l\u2019hospitalit\u00e9.<br \/>Si vous aimez le service et les relations humaines, si vous avez de la flexibilit\u00e9, de l\u2019ouverture d\u2019esprit et beaucoup d\u2019engagement, nous nous r\u00e9jouissons de recevoir votre candidature spontan\u00e9e ou votre candidature \u00e0 l\u2019un des postes annonc\u00e9s.<\/p>\n<p><strong>Veuillez envoyer votre demande d\u00e9taill\u00e9e \u00e0 l\u2019adresse suivante :<\/strong><br \/><span id=\"cloak9103851f7c3bb0fd7269be943c35cba7\"><a href=\"mailto:jobs@ammersee-hotel.de\">jobs@ammersee-hotel.d<\/a>e<\/span><\/p>\n\t\t\t\t\t\t\t\t<\/div>\n\t\t\t\t<\/div>\n\t\t\t\t\t<\/div>\n\t\t<\/div>\n\t\t\t\t\t<\/div>\n\t\t<\/section>\n\t\t\t\t\t<\/div>\n\t\t<\/div>\n\t\t\t\t\t<\/div>\n\t\t<\/section>\n\t\t\t\t<\/div>\n\t\t","protected":false},"excerpt":{"rendered":"<p>EMPLOIS Travailler \u00e0 l\u2019h\u00f4tel Ammersee PERSONNEL DE SERVICE \/ BARRE DE SERVICE ALLROUNDER (H\/F\/D) Lieu&nbsp;: Ammersee-Hotel \/ Steg32 \u00e0 Herrsching, Bavi\u00e8re Admission : D\u00e8s maintenant ou sur rendez-vous Emploi : Temps plein | Illimit\u00e9 QUI SOMMES-NOUS L\u2019h\u00f4tel Ammersee et le restaurant Steg32 offrent un confort moderne, une cuisine cr\u00e9ative et une hospitalit\u00e9 chaleureuse directement sur [&hellip;]<\/p>\n","protected":false},"author":1,"featured_media":0,"parent":0,"menu_order":0,"comment_status":"closed","ping_status":"closed","template":"","meta":{"site-sidebar-layout":"no-sidebar","site-content-layout":"page-builder","ast-site-content-layout":"","site-content-style":"default","site-sidebar-style":"default","ast-global-header-display":"","ast-banner-title-visibility":"","ast-main-header-display":"","ast-hfb-above-header-display":"","ast-hfb-below-header-display":"","ast-hfb-mobile-header-display":"","site-post-title":"disabled","ast-breadcrumbs-content":"","ast-featured-img":"disabled","footer-sml-layout":"","theme-transparent-header-meta":"","adv-header-id-meta":"","stick-header-meta":"","header-above-stick-meta":"","header-main-stick-meta":"","header-below-stick-meta":"","astra-migrate-meta-layouts":"default","ast-page-background-enabled":"default","ast-page-background-meta":{"desktop":{"background-color":"","background-image":"","background-repeat":"repeat","background-position":"center center","background-size":"auto","background-attachment":"scroll","background-type":"","background-media":"","overlay-type":"","overlay-color":"","overlay-opacity":"","overlay-gradient":""},"tablet":{"background-color":"","background-image":"","background-repeat":"repeat","background-position":"center center","background-size":"auto","background-attachment":"scroll","background-type":"","background-media":"","overlay-type":"","overlay-color":"","overlay-opacity":"","overlay-gradient":""},"mobile":{"background-color":"","background-image":"","background-repeat":"repeat","background-position":"center center","background-size":"auto","background-attachment":"scroll","background-type":"","background-media":"","overlay-type":"","overlay-color":"","overlay-opacity":"","overlay-gradient":""}},"ast-content-background-meta":{"desktop":{"background-color":"var(--ast-global-color-5)","background-image":"","background-repeat":"repeat","background-position":"center center","background-size":"auto","background-attachment":"scroll","background-type":"","background-media":"","overlay-type":"","overlay-color":"","overlay-opacity":"","overlay-gradient":""},"tablet":{"background-color":"var(--ast-global-color-5)","background-image":"","background-repeat":"repeat","background-position":"center center","background-size":"auto","background-attachment":"scroll","background-type":"","background-media":"","overlay-type":"","overlay-color":"","overlay-opacity":"","overlay-gradient":""},"mobile":{"background-color":"var(--ast-global-color-5)","background-image":"","background-repeat":"repeat","background-position":"center center","background-size":"auto","background-attachment":"scroll","background-type":"","background-media":"","overlay-type":"","overlay-color":"","overlay-opacity":"","overlay-gradient":""}},"footnotes":""},"class_list":["post-8550","page","type-page","status-publish","hentry"],"yoast_head":"<!-- This site is optimized with the Yoast SEO plugin v24.4 - https:\/\/yoast.com\/wordpress\/plugins\/seo\/ -->\n<title>Emplois - Ammersee Hotel<\/title>\n<meta name=\"robots\" content=\"index, follow, max-snippet:-1, max-image-preview:large, max-video-preview:-1\" \/>\n<link rel=\"canonical\" href=\"https:\/\/ammersee-hotel.de\/fr\/emplois\/\" \/>\n<meta property=\"og:locale\" content=\"fr_FR\" \/>\n<meta property=\"og:type\" content=\"article\" \/>\n<meta property=\"og:title\" content=\"Emplois - Ammersee Hotel\" \/>\n<meta property=\"og:description\" content=\"EMPLOIS Travailler \u00e0 l\u2019h\u00f4tel Ammersee PERSONNEL DE SERVICE \/ BARRE DE SERVICE ALLROUNDER (H\/F\/D) Lieu&nbsp;: Ammersee-Hotel \/ Steg32 \u00e0 Herrsching, Bavi\u00e8re Admission : D\u00e8s maintenant ou sur rendez-vous Emploi : Temps plein | Illimit\u00e9 QUI SOMMES-NOUS L\u2019h\u00f4tel Ammersee et le restaurant Steg32 offrent un confort moderne, une cuisine cr\u00e9ative et une hospitalit\u00e9 chaleureuse directement sur [&hellip;]\" \/>\n<meta property=\"og:url\" content=\"https:\/\/ammersee-hotel.de\/fr\/emplois\/\" \/>\n<meta property=\"og:site_name\" content=\"Ammersee Hotel\" \/>\n<meta property=\"article:modified_time\" content=\"2026-02-04T12:05:18+00:00\" \/>\n<meta name=\"twitter:card\" content=\"summary_large_image\" \/>\n<meta name=\"twitter:label1\" content=\"Dur\u00e9e de lecture estim\u00e9e\" \/>\n\t<meta name=\"twitter:data1\" content=\"5 minutes\" \/>\n<script type=\"application\/ld+json\" class=\"yoast-schema-graph\">{\"@context\":\"https:\/\/schema.org\",\"@graph\":[{\"@type\":\"WebPage\",\"@id\":\"https:\/\/ammersee-hotel.de\/fr\/emplois\/\",\"url\":\"https:\/\/ammersee-hotel.de\/fr\/emplois\/\",\"name\":\"Emplois - Ammersee Hotel\",\"isPartOf\":{\"@id\":\"https:\/\/ammersee-hotel.de\/fr\/#website\"},\"datePublished\":\"2022-11-11T13:51:24+00:00\",\"dateModified\":\"2026-02-04T12:05:18+00:00\",\"breadcrumb\":{\"@id\":\"https:\/\/ammersee-hotel.de\/fr\/emplois\/#breadcrumb\"},\"inLanguage\":\"fr-FR\",\"potentialAction\":[{\"@type\":\"ReadAction\",\"target\":[\"https:\/\/ammersee-hotel.de\/fr\/emplois\/\"]}]},{\"@type\":\"BreadcrumbList\",\"@id\":\"https:\/\/ammersee-hotel.de\/fr\/emplois\/#breadcrumb\",\"itemListElement\":[{\"@type\":\"ListItem\",\"position\":1,\"name\":\"Startseite\",\"item\":\"https:\/\/ammersee-hotel.de\/fr\/\"},{\"@type\":\"ListItem\",\"position\":2,\"name\":\"Emplois\"}]},{\"@type\":\"WebSite\",\"@id\":\"https:\/\/ammersee-hotel.de\/fr\/#website\",\"url\":\"https:\/\/ammersee-hotel.de\/fr\/\",\"name\":\"Ammersee Hotel\",\"description\":\"Willkommen am See\",\"publisher\":{\"@id\":\"https:\/\/ammersee-hotel.de\/fr\/#organization\"},\"potentialAction\":[{\"@type\":\"SearchAction\",\"target\":{\"@type\":\"EntryPoint\",\"urlTemplate\":\"https:\/\/ammersee-hotel.de\/fr\/?s={search_term_string}\"},\"query-input\":{\"@type\":\"PropertyValueSpecification\",\"valueRequired\":true,\"valueName\":\"search_term_string\"}}],\"inLanguage\":\"fr-FR\"},{\"@type\":\"Organization\",\"@id\":\"https:\/\/ammersee-hotel.de\/fr\/#organization\",\"name\":\"Ammersee Hotel\",\"url\":\"https:\/\/ammersee-hotel.de\/fr\/\",\"logo\":{\"@type\":\"ImageObject\",\"inLanguage\":\"fr-FR\",\"@id\":\"https:\/\/ammersee-hotel.de\/fr\/#\/schema\/logo\/image\/\",\"url\":\"https:\/\/ammersee-hotel.de\/wp-content\/uploads\/2022\/09\/Logo-Web.svg\",\"contentUrl\":\"https:\/\/ammersee-hotel.de\/wp-content\/uploads\/2022\/09\/Logo-Web.svg\",\"width\":172,\"height\":17,\"caption\":\"Ammersee Hotel\"},\"image\":{\"@id\":\"https:\/\/ammersee-hotel.de\/fr\/#\/schema\/logo\/image\/\"}}]}<\/script>\n<!-- \/ Yoast SEO plugin. -->","yoast_head_json":{"title":"Emplois - Ammersee Hotel","robots":{"index":"index","follow":"follow","max-snippet":"max-snippet:-1","max-image-preview":"max-image-preview:large","max-video-preview":"max-video-preview:-1"},"canonical":"https:\/\/ammersee-hotel.de\/fr\/emplois\/","og_locale":"fr_FR","og_type":"article","og_title":"Emplois - Ammersee Hotel","og_description":"EMPLOIS Travailler \u00e0 l\u2019h\u00f4tel Ammersee PERSONNEL DE SERVICE \/ BARRE DE SERVICE ALLROUNDER (H\/F\/D) Lieu&nbsp;: Ammersee-Hotel \/ Steg32 \u00e0 Herrsching, Bavi\u00e8re Admission : D\u00e8s maintenant ou sur rendez-vous Emploi : Temps plein | Illimit\u00e9 QUI SOMMES-NOUS L\u2019h\u00f4tel Ammersee et le restaurant Steg32 offrent un confort moderne, une cuisine cr\u00e9ative et une hospitalit\u00e9 chaleureuse directement sur [&hellip;]","og_url":"https:\/\/ammersee-hotel.de\/fr\/emplois\/","og_site_name":"Ammersee Hotel","article_modified_time":"2026-02-04T12:05:18+00:00","twitter_card":"summary_large_image","twitter_misc":{"Dur\u00e9e de lecture estim\u00e9e":"5 minutes"},"schema":{"@context":"https:\/\/schema.org","@graph":[{"@type":"WebPage","@id":"https:\/\/ammersee-hotel.de\/fr\/emplois\/","url":"https:\/\/ammersee-hotel.de\/fr\/emplois\/","name":"Emplois - Ammersee Hotel","isPartOf":{"@id":"https:\/\/ammersee-hotel.de\/fr\/#website"},"datePublished":"2022-11-11T13:51:24+00:00","dateModified":"2026-02-04T12:05:18+00:00","breadcrumb":{"@id":"https:\/\/ammersee-hotel.de\/fr\/emplois\/#breadcrumb"},"inLanguage":"fr-FR","potentialAction":[{"@type":"ReadAction","target":["https:\/\/ammersee-hotel.de\/fr\/emplois\/"]}]},{"@type":"BreadcrumbList","@id":"https:\/\/ammersee-hotel.de\/fr\/emplois\/#breadcrumb","itemListElement":[{"@type":"ListItem","position":1,"name":"Startseite","item":"https:\/\/ammersee-hotel.de\/fr\/"},{"@type":"ListItem","position":2,"name":"Emplois"}]},{"@type":"WebSite","@id":"https:\/\/ammersee-hotel.de\/fr\/#website","url":"https:\/\/ammersee-hotel.de\/fr\/","name":"Ammersee Hotel","description":"Willkommen am See","publisher":{"@id":"https:\/\/ammersee-hotel.de\/fr\/#organization"},"potentialAction":[{"@type":"SearchAction","target":{"@type":"EntryPoint","urlTemplate":"https:\/\/ammersee-hotel.de\/fr\/?s={search_term_string}"},"query-input":{"@type":"PropertyValueSpecification","valueRequired":true,"valueName":"search_term_string"}}],"inLanguage":"fr-FR"},{"@type":"Organization","@id":"https:\/\/ammersee-hotel.de\/fr\/#organization","name":"Ammersee Hotel","url":"https:\/\/ammersee-hotel.de\/fr\/","logo":{"@type":"ImageObject","inLanguage":"fr-FR","@id":"https:\/\/ammersee-hotel.de\/fr\/#\/schema\/logo\/image\/","url":"https:\/\/ammersee-hotel.de\/wp-content\/uploads\/2022\/09\/Logo-Web.svg","contentUrl":"https:\/\/ammersee-hotel.de\/wp-content\/uploads\/2022\/09\/Logo-Web.svg","width":172,"height":17,"caption":"Ammersee Hotel"},"image":{"@id":"https:\/\/ammersee-hotel.de\/fr\/#\/schema\/logo\/image\/"}}]}},"_links":{"self":[{"href":"https:\/\/ammersee-hotel.de\/fr\/wp-json\/wp\/v2\/pages\/8550","targetHints":{"allow":["GET"]}}],"collection":[{"href":"https:\/\/ammersee-hotel.de\/fr\/wp-json\/wp\/v2\/pages"}],"about":[{"href":"https:\/\/ammersee-hotel.de\/fr\/wp-json\/wp\/v2\/types\/page"}],"author":[{"embeddable":true,"href":"https:\/\/ammersee-hotel.de\/fr\/wp-json\/wp\/v2\/users\/1"}],"replies":[{"embeddable":true,"href":"https:\/\/ammersee-hotel.de\/fr\/wp-json\/wp\/v2\/comments?post=8550"}],"version-history":[{"count":2,"href":"https:\/\/ammersee-hotel.de\/fr\/wp-json\/wp\/v2\/pages\/8550\/revisions"}],"predecessor-version":[{"id":9085,"href":"https:\/\/ammersee-hotel.de\/fr\/wp-json\/wp\/v2\/pages\/8550\/revisions\/9085"}],"wp:attachment":[{"href":"https:\/\/ammersee-hotel.de\/fr\/wp-json\/wp\/v2\/media?parent=8550"}],"curies":[{"name":"wp","href":"https:\/\/api.w.org\/{rel}","templated":true}]}}