{"id":8287,"date":"2022-09-28T00:33:04","date_gmt":"2022-09-27T22:33:04","guid":{"rendered":"https:\/\/ammersee-hotel.de\/chambre-simple\/"},"modified":"2025-12-01T15:27:14","modified_gmt":"2025-12-01T14:27:14","slug":"chambre-simple","status":"publish","type":"page","link":"https:\/\/ammersee-hotel.de\/fr\/chambre-simple\/","title":{"rendered":"Chambre simple"},"content":{"rendered":"\t\t<div data-elementor-type=\"wp-page\" data-elementor-id=\"8287\" class=\"elementor elementor-8287 elementor-1168\" data-elementor-post-type=\"page\">\n\t\t\t\t\t\t<section class=\"elementor-section elementor-top-section elementor-element elementor-element-53d947dd elementor-section-height-min-height elementor-section-boxed elementor-section-height-default elementor-section-items-middle\" data-id=\"53d947dd\" data-element_type=\"section\" data-e-type=\"section\" data-settings=\"{&quot;background_background&quot;:&quot;classic&quot;}\">\n\t\t\t\t\t\t<div class=\"elementor-container elementor-column-gap-no\">\n\t\t\t\t\t<div class=\"elementor-column elementor-col-100 elementor-top-column elementor-element elementor-element-345302a1\" data-id=\"345302a1\" data-element_type=\"column\" data-e-type=\"column\">\n\t\t\t<div class=\"elementor-widget-wrap elementor-element-populated\">\n\t\t\t\t\t\t<div class=\"elementor-element elementor-element-2a21e77b elementor-widget elementor-widget-heading\" data-id=\"2a21e77b\" data-element_type=\"widget\" data-e-type=\"widget\" data-widget_type=\"heading.default\">\n\t\t\t\t<div class=\"elementor-widget-container\">\n\t\t\t\t\t<h1 class=\"elementor-heading-title elementor-size-default\">CHAMBRE INDIVIDUELLE<\/h1>\t\t\t\t<\/div>\n\t\t\t\t<\/div>\n\t\t\t\t\t<\/div>\n\t\t<\/div>\n\t\t\t\t\t<\/div>\n\t\t<\/section>\n\t\t\t\t<section class=\"elementor-section elementor-top-section elementor-element elementor-element-2ff49db0 elementor-section-boxed elementor-section-height-default elementor-section-height-default\" data-id=\"2ff49db0\" data-element_type=\"section\" data-e-type=\"section\">\n\t\t\t\t\t\t<div class=\"elementor-container elementor-column-gap-default\">\n\t\t\t\t\t<div class=\"elementor-column elementor-col-50 elementor-top-column elementor-element elementor-element-522c9cc4\" data-id=\"522c9cc4\" data-element_type=\"column\" data-e-type=\"column\">\n\t\t\t<div class=\"elementor-widget-wrap elementor-element-populated\">\n\t\t\t\t\t\t<div class=\"elementor-element elementor-element-3075c715 gallery-spacing-custom elementor-widget elementor-widget-image-gallery\" data-id=\"3075c715\" data-element_type=\"widget\" data-e-type=\"widget\" data-widget_type=\"image-gallery.default\">\n\t\t\t\t<div class=\"elementor-widget-container\">\n\t\t\t\t\t\t\t<div class=\"elementor-image-gallery\">\n\t\t\t<div id='gallery-1' class='gallery galleryid-8287 gallery-columns-1 gallery-size-full'><figure class='gallery-item'>\n\t\t\t<div class='gallery-icon landscape'>\n\t\t\t\t<img fetchpriority=\"high\" decoding=\"async\" width=\"1024\" height=\"700\" src=\"https:\/\/ammersee-hotel.de\/wp-content\/uploads\/2022\/10\/Einzelzimmer-klein1.jpg\" class=\"attachment-full size-full\" alt=\"\" srcset=\"https:\/\/ammersee-hotel.de\/wp-content\/uploads\/2022\/10\/Einzelzimmer-klein1.jpg 1024w, https:\/\/ammersee-hotel.de\/wp-content\/uploads\/2022\/10\/Einzelzimmer-klein1-300x205.jpg 300w, https:\/\/ammersee-hotel.de\/wp-content\/uploads\/2022\/10\/Einzelzimmer-klein1-768x525.jpg 768w\" sizes=\"(max-width: 1024px) 100vw, 1024px\" \/>\n\t\t\t<\/div><\/figure><figure class='gallery-item'>\n\t\t\t<div class='gallery-icon landscape'>\n\t\t\t\t<img decoding=\"async\" width=\"1024\" height=\"700\" src=\"https:\/\/ammersee-hotel.de\/wp-content\/uploads\/2022\/10\/Einzelzimmer-klein2.jpg\" class=\"attachment-full size-full\" alt=\"\" srcset=\"https:\/\/ammersee-hotel.de\/wp-content\/uploads\/2022\/10\/Einzelzimmer-klein2.jpg 1024w, https:\/\/ammersee-hotel.de\/wp-content\/uploads\/2022\/10\/Einzelzimmer-klein2-300x205.jpg 300w, https:\/\/ammersee-hotel.de\/wp-content\/uploads\/2022\/10\/Einzelzimmer-klein2-768x525.jpg 768w\" sizes=\"(max-width: 1024px) 100vw, 1024px\" \/>\n\t\t\t<\/div><\/figure>\n\t\t<\/div>\n\t\t<\/div>\n\t\t\t\t\t\t<\/div>\n\t\t\t\t<\/div>\n\t\t\t\t\t<\/div>\n\t\t<\/div>\n\t\t\t\t<div class=\"elementor-column elementor-col-50 elementor-top-column elementor-element elementor-element-69f05b1a\" data-id=\"69f05b1a\" data-element_type=\"column\" data-e-type=\"column\">\n\t\t\t<div class=\"elementor-widget-wrap elementor-element-populated\">\n\t\t\t\t\t\t<div class=\"elementor-element elementor-element-77b23901 elementor-widget elementor-widget-image\" data-id=\"77b23901\" data-element_type=\"widget\" data-e-type=\"widget\" data-widget_type=\"image.default\">\n\t\t\t\t<div class=\"elementor-widget-container\">\n\t\t\t\t\t\t\t\t\t\t\t\t\t\t\t<img decoding=\"async\" width=\"1024\" height=\"700\" src=\"https:\/\/ammersee-hotel.de\/wp-content\/uploads\/2024\/03\/Einzelzimmer-weiteres-mitSchrank.jpg\" class=\"attachment-full size-full wp-image-8296\" alt=\"\" srcset=\"https:\/\/ammersee-hotel.de\/wp-content\/uploads\/2024\/03\/Einzelzimmer-weiteres-mitSchrank.jpg 1024w, https:\/\/ammersee-hotel.de\/wp-content\/uploads\/2024\/03\/Einzelzimmer-weiteres-mitSchrank-300x205.jpg 300w, https:\/\/ammersee-hotel.de\/wp-content\/uploads\/2024\/03\/Einzelzimmer-weiteres-mitSchrank-768x525.jpg 768w\" sizes=\"(max-width: 1024px) 100vw, 1024px\" \/>\t\t\t\t\t\t\t\t\t\t\t\t\t\t\t<\/div>\n\t\t\t\t<\/div>\n\t\t\t\t\t<\/div>\n\t\t<\/div>\n\t\t\t\t\t<\/div>\n\t\t<\/section>\n\t\t\t\t<section class=\"elementor-section elementor-top-section elementor-element elementor-element-40c3c25b elementor-section-boxed elementor-section-height-default elementor-section-height-default\" data-id=\"40c3c25b\" data-element_type=\"section\" data-e-type=\"section\">\n\t\t\t\t\t\t<div class=\"elementor-container elementor-column-gap-default\">\n\t\t\t\t\t<div class=\"elementor-column elementor-col-100 elementor-top-column elementor-element elementor-element-57dd219f\" data-id=\"57dd219f\" data-element_type=\"column\" data-e-type=\"column\">\n\t\t\t<div class=\"elementor-widget-wrap elementor-element-populated\">\n\t\t\t\t\t\t<div class=\"elementor-element elementor-element-45cd885 elementor-widget elementor-widget-text-editor\" data-id=\"45cd885\" data-element_type=\"widget\" data-e-type=\"widget\" data-widget_type=\"text-editor.default\">\n\t\t\t\t<div class=\"elementor-widget-container\">\n\t\t\t\t\t\t\t\t\t<div class=\"sppb-addon-content\">\n<p>\u00c0 chaque \u00e9tage de notre maison, il y a l\u2019une de nos trois chambres simples.<\/p>\n<p>Chaque chambre a une superficie d\u2019environ 10 m\u00b2 et est \u00e9quip\u00e9e d\u2019un lit simple, de la climatisation, d\u2019une t\u00e9l\u00e9vision avec connexion par c\u00e2ble et t\u00e9l\u00e9texte, d\u2019un r\u00e9veil et d\u2019une radio, d\u2019un coffre-fort ainsi que d\u2019un t\u00e9l\u00e9phone et d\u2019une connexion Internet au bureau.<\/p>\n<p>Les chambres simples du 1er et 2\u00e8me \u00e9tage donnent sur la terre et disposent d\u2019un petit balcon, de toilettes et d\u2019une douche. La chambre simple du 3\u00e8me \u00e9tage est une lucarne orient\u00e9e plein sud. Toutes les chambres de l\u2019h\u00f4tel Ammersee sont non-fumeurs.     <\/p>\n<\/div>\n\t\t\t\t\t\t\t\t<\/div>\n\t\t\t\t<\/div>\n\t\t\t\t\t<\/div>\n\t\t<\/div>\n\t\t\t\t\t<\/div>\n\t\t<\/section>\n\t\t\t\t<section class=\"elementor-section elementor-inner-section elementor-element elementor-element-3beb59a8 elementor-section-boxed elementor-section-height-default elementor-section-height-default\" data-id=\"3beb59a8\" data-element_type=\"section\" data-e-type=\"section\">\n\t\t\t\t\t\t<div class=\"elementor-container elementor-column-gap-narrow\">\n\t\t\t\t\t<div class=\"elementor-column elementor-col-100 elementor-inner-column elementor-element elementor-element-400a02f5\" data-id=\"400a02f5\" data-element_type=\"column\" data-e-type=\"column\">\n\t\t\t<div class=\"elementor-widget-wrap elementor-element-populated\">\n\t\t\t\t\t\t<div class=\"elementor-element elementor-element-4528782c elementor-align-center elementor-widget__width-auto elementor-widget elementor-widget-button\" data-id=\"4528782c\" data-element_type=\"widget\" data-e-type=\"widget\" data-widget_type=\"button.default\">\n\t\t\t\t<div class=\"elementor-widget-container\">\n\t\t\t\t\t\t\t\t\t<div class=\"elementor-button-wrapper\">\n\t\t\t\t\t<a class=\"elementor-button elementor-button-link elementor-size-sm\" href=\"https:\/\/onepagebooking.com\/ammersee-hotel\" target=\"_blank\">\n\t\t\t\t\t\t<span class=\"elementor-button-content-wrapper\">\n\t\t\t\t\t\t\t\t\t<span class=\"elementor-button-text\">R\u00c9SERVER EN LIGNE<\/span>\n\t\t\t\t\t<\/span>\n\t\t\t\t\t<\/a>\n\t\t\t\t<\/div>\n\t\t\t\t\t\t\t\t<\/div>\n\t\t\t\t<\/div>\n\t\t\t\t\t<\/div>\n\t\t<\/div>\n\t\t\t\t\t<\/div>\n\t\t<\/section>\n\t\t\t\t<\/div>\n\t\t","protected":false},"excerpt":{"rendered":"<p>CHAMBRE INDIVIDUELLE \u00c0 chaque \u00e9tage de notre maison, il y a l\u2019une de nos trois chambres simples. Chaque chambre a une superficie d\u2019environ 10 m\u00b2 et est \u00e9quip\u00e9e d\u2019un lit simple, de la climatisation, d\u2019une t\u00e9l\u00e9vision avec connexion par c\u00e2ble et t\u00e9l\u00e9texte, d\u2019un r\u00e9veil et d\u2019une radio, d\u2019un coffre-fort ainsi que d\u2019un t\u00e9l\u00e9phone et d\u2019une [&hellip;]<\/p>\n","protected":false},"author":1,"featured_media":0,"parent":0,"menu_order":0,"comment_status":"closed","ping_status":"closed","template":"","meta":{"site-sidebar-layout":"no-sidebar","site-content-layout":"page-builder","ast-site-content-layout":"full-width-container","site-content-style":"unboxed","site-sidebar-style":"unboxed","ast-global-header-display":"","ast-banner-title-visibility":"","ast-main-header-display":"","ast-hfb-above-header-display":"","ast-hfb-below-header-display":"","ast-hfb-mobile-header-display":"","site-post-title":"disabled","ast-breadcrumbs-content":"","ast-featured-img":"disabled","footer-sml-layout":"","theme-transparent-header-meta":"","adv-header-id-meta":"","stick-header-meta":"","header-above-stick-meta":"","header-main-stick-meta":"","header-below-stick-meta":"","astra-migrate-meta-layouts":"default","ast-page-background-enabled":"default","ast-page-background-meta":{"desktop":{"background-color":"","background-image":"","background-repeat":"repeat","background-position":"center center","background-size":"auto","background-attachment":"scroll","background-type":"","background-media":"","overlay-type":"","overlay-color":"","overlay-opacity":"","overlay-gradient":""},"tablet":{"background-color":"","background-image":"","background-repeat":"repeat","background-position":"center center","background-size":"auto","background-attachment":"scroll","background-type":"","background-media":"","overlay-type":"","overlay-color":"","overlay-opacity":"","overlay-gradient":""},"mobile":{"background-color":"","background-image":"","background-repeat":"repeat","background-position":"center center","background-size":"auto","background-attachment":"scroll","background-type":"","background-media":"","overlay-type":"","overlay-color":"","overlay-opacity":"","overlay-gradient":""}},"ast-content-background-meta":{"desktop":{"background-color":"var(--ast-global-color-5)","background-image":"","background-repeat":"repeat","background-position":"center center","background-size":"auto","background-attachment":"scroll","background-type":"","background-media":"","overlay-type":"","overlay-color":"","overlay-opacity":"","overlay-gradient":""},"tablet":{"background-color":"var(--ast-global-color-5)","background-image":"","background-repeat":"repeat","background-position":"center center","background-size":"auto","background-attachment":"scroll","background-type":"","background-media":"","overlay-type":"","overlay-color":"","overlay-opacity":"","overlay-gradient":""},"mobile":{"background-color":"var(--ast-global-color-5)","background-image":"","background-repeat":"repeat","background-position":"center center","background-size":"auto","background-attachment":"scroll","background-type":"","background-media":"","overlay-type":"","overlay-color":"","overlay-opacity":"","overlay-gradient":""}},"footnotes":""},"class_list":["post-8287","page","type-page","status-publish","hentry"],"yoast_head":"<!-- This site is optimized with the Yoast SEO plugin v24.4 - https:\/\/yoast.com\/wordpress\/plugins\/seo\/ -->\n<title>Chambre simple dans le Ammersee Hotel.<\/title>\n<meta name=\"description\" content=\"Les voyageurs en solo appr\u00e9cient nos chambres calmes avec tout le confort - que ce soit en voyage d\u2019affaires, en vacances ou lors d\u2019une escapade d\u2019un week-end.\" \/>\n<meta name=\"robots\" content=\"index, follow, max-snippet:-1, max-image-preview:large, max-video-preview:-1\" \/>\n<link rel=\"canonical\" href=\"https:\/\/ammersee-hotel.de\/fr\/chambre-simple\/\" \/>\n<meta property=\"og:locale\" content=\"fr_FR\" \/>\n<meta property=\"og:type\" content=\"article\" \/>\n<meta property=\"og:title\" content=\"Chambre simple dans le Ammersee Hotel.\" \/>\n<meta property=\"og:description\" content=\"Les voyageurs en solo appr\u00e9cient nos chambres calmes avec tout le confort - que ce soit en voyage d\u2019affaires, en vacances ou lors d\u2019une escapade d\u2019un week-end.\" \/>\n<meta property=\"og:url\" content=\"https:\/\/ammersee-hotel.de\/fr\/chambre-simple\/\" \/>\n<meta property=\"og:site_name\" content=\"Ammersee Hotel\" \/>\n<meta property=\"article:modified_time\" content=\"2025-12-01T14:27:14+00:00\" \/>\n<meta property=\"og:image\" content=\"https:\/\/ammersee-hotel.de\/wp-content\/uploads\/2022\/10\/Einzelzimmer-klein1.jpg\" \/>\n<meta name=\"twitter:card\" content=\"summary_large_image\" \/>\n<meta name=\"twitter:label1\" content=\"Dur\u00e9e de lecture estim\u00e9e\" \/>\n\t<meta name=\"twitter:data1\" content=\"2 minutes\" \/>\n<script type=\"application\/ld+json\" class=\"yoast-schema-graph\">{\"@context\":\"https:\/\/schema.org\",\"@graph\":[{\"@type\":\"WebPage\",\"@id\":\"https:\/\/ammersee-hotel.de\/fr\/chambre-simple\/\",\"url\":\"https:\/\/ammersee-hotel.de\/fr\/chambre-simple\/\",\"name\":\"Chambre simple dans le Ammersee Hotel.\",\"isPartOf\":{\"@id\":\"https:\/\/ammersee-hotel.de\/fr\/#website\"},\"primaryImageOfPage\":{\"@id\":\"https:\/\/ammersee-hotel.de\/fr\/chambre-simple\/#primaryimage\"},\"image\":{\"@id\":\"https:\/\/ammersee-hotel.de\/fr\/chambre-simple\/#primaryimage\"},\"thumbnailUrl\":\"https:\/\/ammersee-hotel.de\/wp-content\/uploads\/2022\/10\/Einzelzimmer-klein1.jpg\",\"datePublished\":\"2022-09-27T22:33:04+00:00\",\"dateModified\":\"2025-12-01T14:27:14+00:00\",\"description\":\"Les voyageurs en solo appr\u00e9cient nos chambres calmes avec tout le confort - que ce soit en voyage d\u2019affaires, en vacances ou lors d\u2019une escapade d\u2019un week-end.\",\"breadcrumb\":{\"@id\":\"https:\/\/ammersee-hotel.de\/fr\/chambre-simple\/#breadcrumb\"},\"inLanguage\":\"fr-FR\",\"potentialAction\":[{\"@type\":\"ReadAction\",\"target\":[\"https:\/\/ammersee-hotel.de\/fr\/chambre-simple\/\"]}]},{\"@type\":\"ImageObject\",\"inLanguage\":\"fr-FR\",\"@id\":\"https:\/\/ammersee-hotel.de\/fr\/chambre-simple\/#primaryimage\",\"url\":\"https:\/\/ammersee-hotel.de\/wp-content\/uploads\/2022\/10\/Einzelzimmer-klein1.jpg\",\"contentUrl\":\"https:\/\/ammersee-hotel.de\/wp-content\/uploads\/2022\/10\/Einzelzimmer-klein1.jpg\"},{\"@type\":\"BreadcrumbList\",\"@id\":\"https:\/\/ammersee-hotel.de\/fr\/chambre-simple\/#breadcrumb\",\"itemListElement\":[{\"@type\":\"ListItem\",\"position\":1,\"name\":\"Startseite\",\"item\":\"https:\/\/ammersee-hotel.de\/fr\/\"},{\"@type\":\"ListItem\",\"position\":2,\"name\":\"Chambre simple\"}]},{\"@type\":\"WebSite\",\"@id\":\"https:\/\/ammersee-hotel.de\/fr\/#website\",\"url\":\"https:\/\/ammersee-hotel.de\/fr\/\",\"name\":\"Ammersee Hotel\",\"description\":\"Willkommen am See\",\"publisher\":{\"@id\":\"https:\/\/ammersee-hotel.de\/fr\/#organization\"},\"potentialAction\":[{\"@type\":\"SearchAction\",\"target\":{\"@type\":\"EntryPoint\",\"urlTemplate\":\"https:\/\/ammersee-hotel.de\/fr\/?s={search_term_string}\"},\"query-input\":{\"@type\":\"PropertyValueSpecification\",\"valueRequired\":true,\"valueName\":\"search_term_string\"}}],\"inLanguage\":\"fr-FR\"},{\"@type\":\"Organization\",\"@id\":\"https:\/\/ammersee-hotel.de\/fr\/#organization\",\"name\":\"Ammersee Hotel\",\"url\":\"https:\/\/ammersee-hotel.de\/fr\/\",\"logo\":{\"@type\":\"ImageObject\",\"inLanguage\":\"fr-FR\",\"@id\":\"https:\/\/ammersee-hotel.de\/fr\/#\/schema\/logo\/image\/\",\"url\":\"https:\/\/ammersee-hotel.de\/wp-content\/uploads\/2022\/09\/Logo-Web.svg\",\"contentUrl\":\"https:\/\/ammersee-hotel.de\/wp-content\/uploads\/2022\/09\/Logo-Web.svg\",\"width\":172,\"height\":17,\"caption\":\"Ammersee Hotel\"},\"image\":{\"@id\":\"https:\/\/ammersee-hotel.de\/fr\/#\/schema\/logo\/image\/\"}}]}<\/script>\n<!-- \/ Yoast SEO plugin. -->","yoast_head_json":{"title":"Chambre simple dans le Ammersee Hotel.","description":"Les voyageurs en solo appr\u00e9cient nos chambres calmes avec tout le confort - que ce soit en voyage d\u2019affaires, en vacances ou lors d\u2019une escapade d\u2019un week-end.","robots":{"index":"index","follow":"follow","max-snippet":"max-snippet:-1","max-image-preview":"max-image-preview:large","max-video-preview":"max-video-preview:-1"},"canonical":"https:\/\/ammersee-hotel.de\/fr\/chambre-simple\/","og_locale":"fr_FR","og_type":"article","og_title":"Chambre simple dans le Ammersee Hotel.","og_description":"Les voyageurs en solo appr\u00e9cient nos chambres calmes avec tout le confort - que ce soit en voyage d\u2019affaires, en vacances ou lors d\u2019une escapade d\u2019un week-end.","og_url":"https:\/\/ammersee-hotel.de\/fr\/chambre-simple\/","og_site_name":"Ammersee Hotel","article_modified_time":"2025-12-01T14:27:14+00:00","og_image":[{"url":"https:\/\/ammersee-hotel.de\/wp-content\/uploads\/2022\/10\/Einzelzimmer-klein1.jpg","type":"","width":"","height":""}],"twitter_card":"summary_large_image","twitter_misc":{"Dur\u00e9e de lecture estim\u00e9e":"2 minutes"},"schema":{"@context":"https:\/\/schema.org","@graph":[{"@type":"WebPage","@id":"https:\/\/ammersee-hotel.de\/fr\/chambre-simple\/","url":"https:\/\/ammersee-hotel.de\/fr\/chambre-simple\/","name":"Chambre simple dans le Ammersee Hotel.","isPartOf":{"@id":"https:\/\/ammersee-hotel.de\/fr\/#website"},"primaryImageOfPage":{"@id":"https:\/\/ammersee-hotel.de\/fr\/chambre-simple\/#primaryimage"},"image":{"@id":"https:\/\/ammersee-hotel.de\/fr\/chambre-simple\/#primaryimage"},"thumbnailUrl":"https:\/\/ammersee-hotel.de\/wp-content\/uploads\/2022\/10\/Einzelzimmer-klein1.jpg","datePublished":"2022-09-27T22:33:04+00:00","dateModified":"2025-12-01T14:27:14+00:00","description":"Les voyageurs en solo appr\u00e9cient nos chambres calmes avec tout le confort - que ce soit en voyage d\u2019affaires, en vacances ou lors d\u2019une escapade d\u2019un week-end.","breadcrumb":{"@id":"https:\/\/ammersee-hotel.de\/fr\/chambre-simple\/#breadcrumb"},"inLanguage":"fr-FR","potentialAction":[{"@type":"ReadAction","target":["https:\/\/ammersee-hotel.de\/fr\/chambre-simple\/"]}]},{"@type":"ImageObject","inLanguage":"fr-FR","@id":"https:\/\/ammersee-hotel.de\/fr\/chambre-simple\/#primaryimage","url":"https:\/\/ammersee-hotel.de\/wp-content\/uploads\/2022\/10\/Einzelzimmer-klein1.jpg","contentUrl":"https:\/\/ammersee-hotel.de\/wp-content\/uploads\/2022\/10\/Einzelzimmer-klein1.jpg"},{"@type":"BreadcrumbList","@id":"https:\/\/ammersee-hotel.de\/fr\/chambre-simple\/#breadcrumb","itemListElement":[{"@type":"ListItem","position":1,"name":"Startseite","item":"https:\/\/ammersee-hotel.de\/fr\/"},{"@type":"ListItem","position":2,"name":"Chambre simple"}]},{"@type":"WebSite","@id":"https:\/\/ammersee-hotel.de\/fr\/#website","url":"https:\/\/ammersee-hotel.de\/fr\/","name":"Ammersee Hotel","description":"Willkommen am See","publisher":{"@id":"https:\/\/ammersee-hotel.de\/fr\/#organization"},"potentialAction":[{"@type":"SearchAction","target":{"@type":"EntryPoint","urlTemplate":"https:\/\/ammersee-hotel.de\/fr\/?s={search_term_string}"},"query-input":{"@type":"PropertyValueSpecification","valueRequired":true,"valueName":"search_term_string"}}],"inLanguage":"fr-FR"},{"@type":"Organization","@id":"https:\/\/ammersee-hotel.de\/fr\/#organization","name":"Ammersee Hotel","url":"https:\/\/ammersee-hotel.de\/fr\/","logo":{"@type":"ImageObject","inLanguage":"fr-FR","@id":"https:\/\/ammersee-hotel.de\/fr\/#\/schema\/logo\/image\/","url":"https:\/\/ammersee-hotel.de\/wp-content\/uploads\/2022\/09\/Logo-Web.svg","contentUrl":"https:\/\/ammersee-hotel.de\/wp-content\/uploads\/2022\/09\/Logo-Web.svg","width":172,"height":17,"caption":"Ammersee Hotel"},"image":{"@id":"https:\/\/ammersee-hotel.de\/fr\/#\/schema\/logo\/image\/"}}]}},"_links":{"self":[{"href":"https:\/\/ammersee-hotel.de\/fr\/wp-json\/wp\/v2\/pages\/8287","targetHints":{"allow":["GET"]}}],"collection":[{"href":"https:\/\/ammersee-hotel.de\/fr\/wp-json\/wp\/v2\/pages"}],"about":[{"href":"https:\/\/ammersee-hotel.de\/fr\/wp-json\/wp\/v2\/types\/page"}],"author":[{"embeddable":true,"href":"https:\/\/ammersee-hotel.de\/fr\/wp-json\/wp\/v2\/users\/1"}],"replies":[{"embeddable":true,"href":"https:\/\/ammersee-hotel.de\/fr\/wp-json\/wp\/v2\/comments?post=8287"}],"version-history":[{"count":4,"href":"https:\/\/ammersee-hotel.de\/fr\/wp-json\/wp\/v2\/pages\/8287\/revisions"}],"predecessor-version":[{"id":8858,"href":"https:\/\/ammersee-hotel.de\/fr\/wp-json\/wp\/v2\/pages\/8287\/revisions\/8858"}],"wp:attachment":[{"href":"https:\/\/ammersee-hotel.de\/fr\/wp-json\/wp\/v2\/media?parent=8287"}],"curies":[{"name":"wp","href":"https:\/\/api.w.org\/{rel}","templated":true}]}}