{"id":8286,"date":"2022-09-28T00:07:40","date_gmt":"2022-09-27T22:07:40","guid":{"rendered":"https:\/\/ammersee-hotel.de\/confort\/"},"modified":"2025-12-01T15:26:42","modified_gmt":"2025-12-01T14:26:42","slug":"confort","status":"publish","type":"page","link":"https:\/\/ammersee-hotel.de\/fr\/confort\/","title":{"rendered":"Chambre Familiale"},"content":{"rendered":"\t\t<div data-elementor-type=\"wp-page\" data-elementor-id=\"8286\" class=\"elementor elementor-8286 elementor-1135\" data-elementor-post-type=\"page\">\n\t\t\t\t\t\t<section class=\"elementor-section elementor-top-section elementor-element elementor-element-72bdadd6 elementor-section-height-min-height elementor-section-boxed elementor-section-height-default elementor-section-items-middle\" data-id=\"72bdadd6\" data-element_type=\"section\" data-e-type=\"section\" data-settings=\"{&quot;background_background&quot;:&quot;classic&quot;,&quot;background_motion_fx_motion_fx_scrolling&quot;:&quot;yes&quot;,&quot;background_motion_fx_devices&quot;:[&quot;widescreen&quot;,&quot;desktop&quot;,&quot;laptop&quot;,&quot;tablet_extra&quot;,&quot;tablet&quot;,&quot;mobile&quot;]}\">\n\t\t\t\t\t\t<div class=\"elementor-container elementor-column-gap-no\">\n\t\t\t\t\t<div class=\"elementor-column elementor-col-100 elementor-top-column elementor-element elementor-element-9692714\" data-id=\"9692714\" data-element_type=\"column\" data-e-type=\"column\">\n\t\t\t<div class=\"elementor-widget-wrap elementor-element-populated\">\n\t\t\t\t\t\t<div class=\"elementor-element elementor-element-24b933a1 elementor-widget elementor-widget-heading\" data-id=\"24b933a1\" data-element_type=\"widget\" data-e-type=\"widget\" data-widget_type=\"heading.default\">\n\t\t\t\t<div class=\"elementor-widget-container\">\n\t\t\t\t\t<h1 class=\"elementor-heading-title elementor-size-default\">CHAMBRE FAMILIALE<\/h1>\t\t\t\t<\/div>\n\t\t\t\t<\/div>\n\t\t\t\t\t<\/div>\n\t\t<\/div>\n\t\t\t\t\t<\/div>\n\t\t<\/section>\n\t\t\t\t<section class=\"elementor-section elementor-top-section elementor-element elementor-element-7538686d elementor-section-boxed elementor-section-height-default elementor-section-height-default\" data-id=\"7538686d\" data-element_type=\"section\" data-e-type=\"section\">\n\t\t\t\t\t\t<div class=\"elementor-container elementor-column-gap-default\">\n\t\t\t\t\t<div class=\"elementor-column elementor-col-50 elementor-top-column elementor-element elementor-element-8d4adfd\" data-id=\"8d4adfd\" data-element_type=\"column\" data-e-type=\"column\">\n\t\t\t<div class=\"elementor-widget-wrap elementor-element-populated\">\n\t\t\t\t\t\t<div class=\"elementor-element elementor-element-18d86023 gallery-spacing-custom elementor-widget elementor-widget-image-gallery\" data-id=\"18d86023\" data-element_type=\"widget\" data-e-type=\"widget\" data-widget_type=\"image-gallery.default\">\n\t\t\t\t<div class=\"elementor-widget-container\">\n\t\t\t\t\t\t\t<div class=\"elementor-image-gallery\">\n\t\t\t<div id='gallery-1' class='gallery galleryid-8286 gallery-columns-1 gallery-size-full'><figure class='gallery-item'>\n\t\t\t<div class='gallery-icon landscape'>\n\t\t\t\t<img fetchpriority=\"high\" decoding=\"async\" width=\"1024\" height=\"700\" src=\"https:\/\/ammersee-hotel.de\/wp-content\/uploads\/2022\/10\/Komfortzimmer-klein.jpg\" class=\"attachment-full size-full\" alt=\"\" srcset=\"https:\/\/ammersee-hotel.de\/wp-content\/uploads\/2022\/10\/Komfortzimmer-klein.jpg 1024w, https:\/\/ammersee-hotel.de\/wp-content\/uploads\/2022\/10\/Komfortzimmer-klein-300x205.jpg 300w, https:\/\/ammersee-hotel.de\/wp-content\/uploads\/2022\/10\/Komfortzimmer-klein-768x525.jpg 768w\" sizes=\"(max-width: 1024px) 100vw, 1024px\" \/>\n\t\t\t<\/div><\/figure><figure class='gallery-item'>\n\t\t\t<div class='gallery-icon landscape'>\n\t\t\t\t<img decoding=\"async\" width=\"1024\" height=\"700\" src=\"https:\/\/ammersee-hotel.de\/wp-content\/uploads\/2022\/10\/Komfortzimmer-klein2.jpg\" class=\"attachment-full size-full\" alt=\"\" srcset=\"https:\/\/ammersee-hotel.de\/wp-content\/uploads\/2022\/10\/Komfortzimmer-klein2.jpg 1024w, https:\/\/ammersee-hotel.de\/wp-content\/uploads\/2022\/10\/Komfortzimmer-klein2-300x205.jpg 300w, https:\/\/ammersee-hotel.de\/wp-content\/uploads\/2022\/10\/Komfortzimmer-klein2-768x525.jpg 768w\" sizes=\"(max-width: 1024px) 100vw, 1024px\" \/>\n\t\t\t<\/div><\/figure>\n\t\t<\/div>\n\t\t<\/div>\n\t\t\t\t\t\t<\/div>\n\t\t\t\t<\/div>\n\t\t\t\t\t<\/div>\n\t\t<\/div>\n\t\t\t\t<div class=\"elementor-column elementor-col-50 elementor-top-column elementor-element elementor-element-3387adb2\" data-id=\"3387adb2\" data-element_type=\"column\" data-e-type=\"column\">\n\t\t\t<div class=\"elementor-widget-wrap elementor-element-populated\">\n\t\t\t\t\t\t<div class=\"elementor-element elementor-element-1d81d637 elementor-widget elementor-widget-image\" data-id=\"1d81d637\" data-element_type=\"widget\" data-e-type=\"widget\" data-widget_type=\"image.default\">\n\t\t\t\t<div class=\"elementor-widget-container\">\n\t\t\t\t\t\t\t\t\t\t\t\t\t\t\t<img decoding=\"async\" width=\"1024\" height=\"700\" src=\"https:\/\/ammersee-hotel.de\/wp-content\/uploads\/2024\/03\/Komfortzimmer-weiteres.jpg\" class=\"attachment-full size-full wp-image-8291\" alt=\"\" srcset=\"https:\/\/ammersee-hotel.de\/wp-content\/uploads\/2024\/03\/Komfortzimmer-weiteres.jpg 1024w, https:\/\/ammersee-hotel.de\/wp-content\/uploads\/2024\/03\/Komfortzimmer-weiteres-300x205.jpg 300w, https:\/\/ammersee-hotel.de\/wp-content\/uploads\/2024\/03\/Komfortzimmer-weiteres-768x525.jpg 768w\" sizes=\"(max-width: 1024px) 100vw, 1024px\" \/>\t\t\t\t\t\t\t\t\t\t\t\t\t\t\t<\/div>\n\t\t\t\t<\/div>\n\t\t\t\t\t<\/div>\n\t\t<\/div>\n\t\t\t\t\t<\/div>\n\t\t<\/section>\n\t\t\t\t<section class=\"elementor-section elementor-top-section elementor-element elementor-element-11e376ce elementor-section-boxed elementor-section-height-default elementor-section-height-default\" data-id=\"11e376ce\" data-element_type=\"section\" data-e-type=\"section\">\n\t\t\t\t\t\t<div class=\"elementor-container elementor-column-gap-default\">\n\t\t\t\t\t<div class=\"elementor-column elementor-col-100 elementor-top-column elementor-element elementor-element-6a20403d\" data-id=\"6a20403d\" data-element_type=\"column\" data-e-type=\"column\">\n\t\t\t<div class=\"elementor-widget-wrap elementor-element-populated\">\n\t\t\t\t\t\t<div class=\"elementor-element elementor-element-2ab121cf elementor-widget elementor-widget-text-editor\" data-id=\"2ab121cf\" data-element_type=\"widget\" data-e-type=\"widget\" data-widget_type=\"text-editor.default\">\n\t\t\t\t<div class=\"elementor-widget-container\">\n\t\t\t\t\t\t\t\t\t<p data-start=\"51\" data-end=\"198\">Les chambres familiales ont une superficie d\u2019environ 30 m\u00b2 et se situent au 3\u1d49 \u00e9tage, deux chambres donnant sur le lac et deux sur la c\u00f4t\u00e9 terre.<\/p><p data-start=\"200\" data-end=\"634\">Elles sont \u00e9quip\u00e9es d\u2019un lit double, d\u2019un lit simple en option ainsi que d\u2019un canap\u00e9-lit offrant deux couchages, d\u2019une grande t\u00e9l\u00e9vision \u00e0 \u00e9cran plat avec r\u00e9ception par c\u00e2ble et t\u00e9l\u00e9texte, d\u2019un r\u00e9veil et d\u2019une radio, d\u2019un coffre-fort dans la chambre ainsi que d\u2019une connexion t\u00e9l\u00e9phonique et Internet au bureau. La salle de bain dispose d\u2019une douche, de toilettes, d\u2019un s\u00e8che-cheveux, d\u2019un grand miroir et d\u2019un miroir de maquillage.<\/p><p>\u00a0<\/p><p data-start=\"636\" data-end=\"784\">Un confort particulier est assur\u00e9 par la climatisation et un coin th\u00e9\/caf\u00e9. Toutes les chambres de l\u2019Ammersee-Hotel sont des chambres non-fumeurs.<\/p>\t\t\t\t\t\t\t\t<\/div>\n\t\t\t\t<\/div>\n\t\t\t\t\t<\/div>\n\t\t<\/div>\n\t\t\t\t\t<\/div>\n\t\t<\/section>\n\t\t\t\t<section class=\"elementor-section elementor-inner-section elementor-element elementor-element-5108cc42 elementor-section-boxed elementor-section-height-default elementor-section-height-default\" data-id=\"5108cc42\" data-element_type=\"section\" data-e-type=\"section\">\n\t\t\t\t\t\t<div class=\"elementor-container elementor-column-gap-narrow\">\n\t\t\t\t\t<div class=\"elementor-column elementor-col-100 elementor-inner-column elementor-element elementor-element-3bac0080\" data-id=\"3bac0080\" data-element_type=\"column\" data-e-type=\"column\">\n\t\t\t<div class=\"elementor-widget-wrap elementor-element-populated\">\n\t\t\t\t\t\t<div class=\"elementor-element elementor-element-b2b0b6a elementor-align-center elementor-widget__width-auto elementor-widget elementor-widget-button\" data-id=\"b2b0b6a\" data-element_type=\"widget\" data-e-type=\"widget\" data-widget_type=\"button.default\">\n\t\t\t\t<div class=\"elementor-widget-container\">\n\t\t\t\t\t\t\t\t\t<div class=\"elementor-button-wrapper\">\n\t\t\t\t\t<a class=\"elementor-button elementor-button-link elementor-size-sm\" href=\"https:\/\/onepagebooking.com\/ammersee-hotel\" target=\"_blank\">\n\t\t\t\t\t\t<span class=\"elementor-button-content-wrapper\">\n\t\t\t\t\t\t\t\t\t<span class=\"elementor-button-text\">R\u00c9SERVER EN LIGNE<\/span>\n\t\t\t\t\t<\/span>\n\t\t\t\t\t<\/a>\n\t\t\t\t<\/div>\n\t\t\t\t\t\t\t\t<\/div>\n\t\t\t\t<\/div>\n\t\t\t\t\t<\/div>\n\t\t<\/div>\n\t\t\t\t\t<\/div>\n\t\t<\/section>\n\t\t\t\t<\/div>\n\t\t","protected":false},"excerpt":{"rendered":"<p>CHAMBRE FAMILIALE Les chambres familiales ont une superficie d\u2019environ 30 m\u00b2 et se situent au 3\u1d49 \u00e9tage, deux chambres donnant sur le lac et deux sur la c\u00f4t\u00e9 terre. Elles sont \u00e9quip\u00e9es d\u2019un lit double, d\u2019un lit simple en option ainsi que d\u2019un canap\u00e9-lit offrant deux couchages, d\u2019une grande t\u00e9l\u00e9vision \u00e0 \u00e9cran plat avec r\u00e9ception [&hellip;]<\/p>\n","protected":false},"author":1,"featured_media":0,"parent":0,"menu_order":0,"comment_status":"closed","ping_status":"closed","template":"","meta":{"site-sidebar-layout":"no-sidebar","site-content-layout":"page-builder","ast-site-content-layout":"full-width-container","site-content-style":"unboxed","site-sidebar-style":"unboxed","ast-global-header-display":"","ast-banner-title-visibility":"","ast-main-header-display":"","ast-hfb-above-header-display":"","ast-hfb-below-header-display":"","ast-hfb-mobile-header-display":"","site-post-title":"disabled","ast-breadcrumbs-content":"","ast-featured-img":"disabled","footer-sml-layout":"","theme-transparent-header-meta":"","adv-header-id-meta":"","stick-header-meta":"","header-above-stick-meta":"","header-main-stick-meta":"","header-below-stick-meta":"","astra-migrate-meta-layouts":"default","ast-page-background-enabled":"default","ast-page-background-meta":{"desktop":{"background-color":"","background-image":"","background-repeat":"repeat","background-position":"center center","background-size":"auto","background-attachment":"scroll","background-type":"","background-media":"","overlay-type":"","overlay-color":"","overlay-opacity":"","overlay-gradient":""},"tablet":{"background-color":"","background-image":"","background-repeat":"repeat","background-position":"center center","background-size":"auto","background-attachment":"scroll","background-type":"","background-media":"","overlay-type":"","overlay-color":"","overlay-opacity":"","overlay-gradient":""},"mobile":{"background-color":"","background-image":"","background-repeat":"repeat","background-position":"center center","background-size":"auto","background-attachment":"scroll","background-type":"","background-media":"","overlay-type":"","overlay-color":"","overlay-opacity":"","overlay-gradient":""}},"ast-content-background-meta":{"desktop":{"background-color":"var(--ast-global-color-5)","background-image":"","background-repeat":"repeat","background-position":"center center","background-size":"auto","background-attachment":"scroll","background-type":"","background-media":"","overlay-type":"","overlay-color":"","overlay-opacity":"","overlay-gradient":""},"tablet":{"background-color":"var(--ast-global-color-5)","background-image":"","background-repeat":"repeat","background-position":"center center","background-size":"auto","background-attachment":"scroll","background-type":"","background-media":"","overlay-type":"","overlay-color":"","overlay-opacity":"","overlay-gradient":""},"mobile":{"background-color":"var(--ast-global-color-5)","background-image":"","background-repeat":"repeat","background-position":"center center","background-size":"auto","background-attachment":"scroll","background-type":"","background-media":"","overlay-type":"","overlay-color":"","overlay-opacity":"","overlay-gradient":""}},"footnotes":""},"class_list":["post-8286","page","type-page","status-publish","hentry"],"yoast_head":"<!-- This site is optimized with the Yoast SEO plugin v24.4 - https:\/\/yoast.com\/wordpress\/plugins\/seo\/ -->\n<title>Chambre Familiale dans le Ammersee Hotel.<\/title>\n<meta name=\"description\" content=\"Nos chambres confort sont spacieuses et disposent d\u2019un lit double, d\u2019un coin salon confortable avec canap\u00e9 et fauteuil ainsi que d\u2019un coin th\u00e9 et caf\u00e9.\" \/>\n<meta name=\"robots\" content=\"index, follow, max-snippet:-1, max-image-preview:large, max-video-preview:-1\" \/>\n<link rel=\"canonical\" href=\"https:\/\/ammersee-hotel.de\/fr\/confort\/\" \/>\n<meta property=\"og:locale\" content=\"fr_FR\" \/>\n<meta property=\"og:type\" content=\"article\" \/>\n<meta property=\"og:title\" content=\"Chambre Familiale dans le Ammersee Hotel.\" \/>\n<meta property=\"og:description\" content=\"Nos chambres confort sont spacieuses et disposent d\u2019un lit double, d\u2019un coin salon confortable avec canap\u00e9 et fauteuil ainsi que d\u2019un coin th\u00e9 et caf\u00e9.\" \/>\n<meta property=\"og:url\" content=\"https:\/\/ammersee-hotel.de\/fr\/confort\/\" \/>\n<meta property=\"og:site_name\" content=\"Ammersee Hotel\" \/>\n<meta property=\"article:modified_time\" content=\"2025-12-01T14:26:42+00:00\" \/>\n<meta property=\"og:image\" content=\"https:\/\/ammersee-hotel.de\/wp-content\/uploads\/2022\/10\/Komfortzimmer-klein.jpg\" \/>\n<meta name=\"twitter:card\" content=\"summary_large_image\" \/>\n<meta name=\"twitter:label1\" content=\"Dur\u00e9e de lecture estim\u00e9e\" \/>\n\t<meta name=\"twitter:data1\" content=\"2 minutes\" \/>\n<script type=\"application\/ld+json\" class=\"yoast-schema-graph\">{\"@context\":\"https:\/\/schema.org\",\"@graph\":[{\"@type\":\"WebPage\",\"@id\":\"https:\/\/ammersee-hotel.de\/fr\/confort\/\",\"url\":\"https:\/\/ammersee-hotel.de\/fr\/confort\/\",\"name\":\"Chambre Familiale dans le Ammersee Hotel.\",\"isPartOf\":{\"@id\":\"https:\/\/ammersee-hotel.de\/fr\/#website\"},\"primaryImageOfPage\":{\"@id\":\"https:\/\/ammersee-hotel.de\/fr\/confort\/#primaryimage\"},\"image\":{\"@id\":\"https:\/\/ammersee-hotel.de\/fr\/confort\/#primaryimage\"},\"thumbnailUrl\":\"https:\/\/ammersee-hotel.de\/wp-content\/uploads\/2022\/10\/Komfortzimmer-klein.jpg\",\"datePublished\":\"2022-09-27T22:07:40+00:00\",\"dateModified\":\"2025-12-01T14:26:42+00:00\",\"description\":\"Nos chambres confort sont spacieuses et disposent d\u2019un lit double, d\u2019un coin salon confortable avec canap\u00e9 et fauteuil ainsi que d\u2019un coin th\u00e9 et caf\u00e9.\",\"breadcrumb\":{\"@id\":\"https:\/\/ammersee-hotel.de\/fr\/confort\/#breadcrumb\"},\"inLanguage\":\"fr-FR\",\"potentialAction\":[{\"@type\":\"ReadAction\",\"target\":[\"https:\/\/ammersee-hotel.de\/fr\/confort\/\"]}]},{\"@type\":\"ImageObject\",\"inLanguage\":\"fr-FR\",\"@id\":\"https:\/\/ammersee-hotel.de\/fr\/confort\/#primaryimage\",\"url\":\"https:\/\/ammersee-hotel.de\/wp-content\/uploads\/2022\/10\/Komfortzimmer-klein.jpg\",\"contentUrl\":\"https:\/\/ammersee-hotel.de\/wp-content\/uploads\/2022\/10\/Komfortzimmer-klein.jpg\"},{\"@type\":\"BreadcrumbList\",\"@id\":\"https:\/\/ammersee-hotel.de\/fr\/confort\/#breadcrumb\",\"itemListElement\":[{\"@type\":\"ListItem\",\"position\":1,\"name\":\"Startseite\",\"item\":\"https:\/\/ammersee-hotel.de\/fr\/\"},{\"@type\":\"ListItem\",\"position\":2,\"name\":\"Chambre Familiale\"}]},{\"@type\":\"WebSite\",\"@id\":\"https:\/\/ammersee-hotel.de\/fr\/#website\",\"url\":\"https:\/\/ammersee-hotel.de\/fr\/\",\"name\":\"Ammersee Hotel\",\"description\":\"Willkommen am See\",\"publisher\":{\"@id\":\"https:\/\/ammersee-hotel.de\/fr\/#organization\"},\"potentialAction\":[{\"@type\":\"SearchAction\",\"target\":{\"@type\":\"EntryPoint\",\"urlTemplate\":\"https:\/\/ammersee-hotel.de\/fr\/?s={search_term_string}\"},\"query-input\":{\"@type\":\"PropertyValueSpecification\",\"valueRequired\":true,\"valueName\":\"search_term_string\"}}],\"inLanguage\":\"fr-FR\"},{\"@type\":\"Organization\",\"@id\":\"https:\/\/ammersee-hotel.de\/fr\/#organization\",\"name\":\"Ammersee Hotel\",\"url\":\"https:\/\/ammersee-hotel.de\/fr\/\",\"logo\":{\"@type\":\"ImageObject\",\"inLanguage\":\"fr-FR\",\"@id\":\"https:\/\/ammersee-hotel.de\/fr\/#\/schema\/logo\/image\/\",\"url\":\"https:\/\/ammersee-hotel.de\/wp-content\/uploads\/2022\/09\/Logo-Web.svg\",\"contentUrl\":\"https:\/\/ammersee-hotel.de\/wp-content\/uploads\/2022\/09\/Logo-Web.svg\",\"width\":172,\"height\":17,\"caption\":\"Ammersee Hotel\"},\"image\":{\"@id\":\"https:\/\/ammersee-hotel.de\/fr\/#\/schema\/logo\/image\/\"}}]}<\/script>\n<!-- \/ Yoast SEO plugin. -->","yoast_head_json":{"title":"Chambre Familiale dans le Ammersee Hotel.","description":"Nos chambres confort sont spacieuses et disposent d\u2019un lit double, d\u2019un coin salon confortable avec canap\u00e9 et fauteuil ainsi que d\u2019un coin th\u00e9 et caf\u00e9.","robots":{"index":"index","follow":"follow","max-snippet":"max-snippet:-1","max-image-preview":"max-image-preview:large","max-video-preview":"max-video-preview:-1"},"canonical":"https:\/\/ammersee-hotel.de\/fr\/confort\/","og_locale":"fr_FR","og_type":"article","og_title":"Chambre Familiale dans le Ammersee Hotel.","og_description":"Nos chambres confort sont spacieuses et disposent d\u2019un lit double, d\u2019un coin salon confortable avec canap\u00e9 et fauteuil ainsi que d\u2019un coin th\u00e9 et caf\u00e9.","og_url":"https:\/\/ammersee-hotel.de\/fr\/confort\/","og_site_name":"Ammersee Hotel","article_modified_time":"2025-12-01T14:26:42+00:00","og_image":[{"url":"https:\/\/ammersee-hotel.de\/wp-content\/uploads\/2022\/10\/Komfortzimmer-klein.jpg","type":"","width":"","height":""}],"twitter_card":"summary_large_image","twitter_misc":{"Dur\u00e9e de lecture estim\u00e9e":"2 minutes"},"schema":{"@context":"https:\/\/schema.org","@graph":[{"@type":"WebPage","@id":"https:\/\/ammersee-hotel.de\/fr\/confort\/","url":"https:\/\/ammersee-hotel.de\/fr\/confort\/","name":"Chambre Familiale dans le Ammersee Hotel.","isPartOf":{"@id":"https:\/\/ammersee-hotel.de\/fr\/#website"},"primaryImageOfPage":{"@id":"https:\/\/ammersee-hotel.de\/fr\/confort\/#primaryimage"},"image":{"@id":"https:\/\/ammersee-hotel.de\/fr\/confort\/#primaryimage"},"thumbnailUrl":"https:\/\/ammersee-hotel.de\/wp-content\/uploads\/2022\/10\/Komfortzimmer-klein.jpg","datePublished":"2022-09-27T22:07:40+00:00","dateModified":"2025-12-01T14:26:42+00:00","description":"Nos chambres confort sont spacieuses et disposent d\u2019un lit double, d\u2019un coin salon confortable avec canap\u00e9 et fauteuil ainsi que d\u2019un coin th\u00e9 et caf\u00e9.","breadcrumb":{"@id":"https:\/\/ammersee-hotel.de\/fr\/confort\/#breadcrumb"},"inLanguage":"fr-FR","potentialAction":[{"@type":"ReadAction","target":["https:\/\/ammersee-hotel.de\/fr\/confort\/"]}]},{"@type":"ImageObject","inLanguage":"fr-FR","@id":"https:\/\/ammersee-hotel.de\/fr\/confort\/#primaryimage","url":"https:\/\/ammersee-hotel.de\/wp-content\/uploads\/2022\/10\/Komfortzimmer-klein.jpg","contentUrl":"https:\/\/ammersee-hotel.de\/wp-content\/uploads\/2022\/10\/Komfortzimmer-klein.jpg"},{"@type":"BreadcrumbList","@id":"https:\/\/ammersee-hotel.de\/fr\/confort\/#breadcrumb","itemListElement":[{"@type":"ListItem","position":1,"name":"Startseite","item":"https:\/\/ammersee-hotel.de\/fr\/"},{"@type":"ListItem","position":2,"name":"Chambre Familiale"}]},{"@type":"WebSite","@id":"https:\/\/ammersee-hotel.de\/fr\/#website","url":"https:\/\/ammersee-hotel.de\/fr\/","name":"Ammersee Hotel","description":"Willkommen am See","publisher":{"@id":"https:\/\/ammersee-hotel.de\/fr\/#organization"},"potentialAction":[{"@type":"SearchAction","target":{"@type":"EntryPoint","urlTemplate":"https:\/\/ammersee-hotel.de\/fr\/?s={search_term_string}"},"query-input":{"@type":"PropertyValueSpecification","valueRequired":true,"valueName":"search_term_string"}}],"inLanguage":"fr-FR"},{"@type":"Organization","@id":"https:\/\/ammersee-hotel.de\/fr\/#organization","name":"Ammersee Hotel","url":"https:\/\/ammersee-hotel.de\/fr\/","logo":{"@type":"ImageObject","inLanguage":"fr-FR","@id":"https:\/\/ammersee-hotel.de\/fr\/#\/schema\/logo\/image\/","url":"https:\/\/ammersee-hotel.de\/wp-content\/uploads\/2022\/09\/Logo-Web.svg","contentUrl":"https:\/\/ammersee-hotel.de\/wp-content\/uploads\/2022\/09\/Logo-Web.svg","width":172,"height":17,"caption":"Ammersee Hotel"},"image":{"@id":"https:\/\/ammersee-hotel.de\/fr\/#\/schema\/logo\/image\/"}}]}},"_links":{"self":[{"href":"https:\/\/ammersee-hotel.de\/fr\/wp-json\/wp\/v2\/pages\/8286","targetHints":{"allow":["GET"]}}],"collection":[{"href":"https:\/\/ammersee-hotel.de\/fr\/wp-json\/wp\/v2\/pages"}],"about":[{"href":"https:\/\/ammersee-hotel.de\/fr\/wp-json\/wp\/v2\/types\/page"}],"author":[{"embeddable":true,"href":"https:\/\/ammersee-hotel.de\/fr\/wp-json\/wp\/v2\/users\/1"}],"replies":[{"embeddable":true,"href":"https:\/\/ammersee-hotel.de\/fr\/wp-json\/wp\/v2\/comments?post=8286"}],"version-history":[{"count":10,"href":"https:\/\/ammersee-hotel.de\/fr\/wp-json\/wp\/v2\/pages\/8286\/revisions"}],"predecessor-version":[{"id":8855,"href":"https:\/\/ammersee-hotel.de\/fr\/wp-json\/wp\/v2\/pages\/8286\/revisions\/8855"}],"wp:attachment":[{"href":"https:\/\/ammersee-hotel.de\/fr\/wp-json\/wp\/v2\/media?parent=8286"}],"curies":[{"name":"wp","href":"https:\/\/api.w.org\/{rel}","templated":true}]}}