{"id":8240,"date":"2022-09-27T13:05:09","date_gmt":"2022-09-27T11:05:09","guid":{"rendered":"https:\/\/ammersee-hotel.de\/chambre-double\/"},"modified":"2025-12-01T15:22:57","modified_gmt":"2025-12-01T14:22:57","slug":"chambre-double","status":"publish","type":"page","link":"https:\/\/ammersee-hotel.de\/fr\/chambre-double\/","title":{"rendered":"Chambre double"},"content":{"rendered":"\t\t<div data-elementor-type=\"wp-page\" data-elementor-id=\"8240\" class=\"elementor elementor-8240 elementor-1070\" data-elementor-post-type=\"page\">\n\t\t\t\t\t\t<section class=\"elementor-section elementor-top-section elementor-element elementor-element-1f20ebfd elementor-section-height-min-height elementor-section-boxed elementor-section-height-default elementor-section-items-middle\" data-id=\"1f20ebfd\" data-element_type=\"section\" data-e-type=\"section\" data-settings=\"{&quot;background_background&quot;:&quot;classic&quot;,&quot;background_motion_fx_motion_fx_scrolling&quot;:&quot;yes&quot;,&quot;background_motion_fx_devices&quot;:[&quot;widescreen&quot;,&quot;desktop&quot;,&quot;laptop&quot;,&quot;tablet_extra&quot;,&quot;tablet&quot;,&quot;mobile&quot;]}\">\n\t\t\t\t\t\t<div class=\"elementor-container elementor-column-gap-no\">\n\t\t\t\t\t<div class=\"elementor-column elementor-col-100 elementor-top-column elementor-element elementor-element-5ace6bf5\" data-id=\"5ace6bf5\" data-element_type=\"column\" data-e-type=\"column\">\n\t\t\t<div class=\"elementor-widget-wrap elementor-element-populated\">\n\t\t\t\t\t\t<div class=\"elementor-element elementor-element-6f22ec9 elementor-widget elementor-widget-heading\" data-id=\"6f22ec9\" data-element_type=\"widget\" data-e-type=\"widget\" data-widget_type=\"heading.default\">\n\t\t\t\t<div class=\"elementor-widget-container\">\n\t\t\t\t\t<h1 class=\"elementor-heading-title elementor-size-default\">CHAMBRE DOUBLE<\/h1>\t\t\t\t<\/div>\n\t\t\t\t<\/div>\n\t\t\t\t\t<\/div>\n\t\t<\/div>\n\t\t\t\t\t<\/div>\n\t\t<\/section>\n\t\t\t\t<section class=\"elementor-section elementor-top-section elementor-element elementor-element-734ec1bc elementor-section-boxed elementor-section-height-default elementor-section-height-default\" data-id=\"734ec1bc\" data-element_type=\"section\" data-e-type=\"section\">\n\t\t\t\t\t\t<div class=\"elementor-container elementor-column-gap-default\">\n\t\t\t\t\t<div class=\"elementor-column elementor-col-50 elementor-top-column elementor-element elementor-element-19fecea6\" data-id=\"19fecea6\" data-element_type=\"column\" data-e-type=\"column\">\n\t\t\t<div class=\"elementor-widget-wrap elementor-element-populated\">\n\t\t\t\t\t\t<div class=\"elementor-element elementor-element-482b1806 gallery-spacing-custom elementor-widget elementor-widget-image-gallery\" data-id=\"482b1806\" data-element_type=\"widget\" data-e-type=\"widget\" data-widget_type=\"image-gallery.default\">\n\t\t\t\t<div class=\"elementor-widget-container\">\n\t\t\t\t\t\t\t<div class=\"elementor-image-gallery\">\n\t\t\t<div id='gallery-1' class='gallery galleryid-8240 gallery-columns-1 gallery-size-full'><figure class='gallery-item'>\n\t\t\t<div class='gallery-icon landscape'>\n\t\t\t\t<img fetchpriority=\"high\" decoding=\"async\" width=\"1024\" height=\"700\" src=\"https:\/\/ammersee-hotel.de\/wp-content\/uploads\/2022\/10\/Standardzimmer-klein1.jpg\" class=\"attachment-full size-full\" alt=\"\" srcset=\"https:\/\/ammersee-hotel.de\/wp-content\/uploads\/2022\/10\/Standardzimmer-klein1.jpg 1024w, https:\/\/ammersee-hotel.de\/wp-content\/uploads\/2022\/10\/Standardzimmer-klein1-300x205.jpg 300w, https:\/\/ammersee-hotel.de\/wp-content\/uploads\/2022\/10\/Standardzimmer-klein1-768x525.jpg 768w\" sizes=\"(max-width: 1024px) 100vw, 1024px\" \/>\n\t\t\t<\/div><\/figure><figure class='gallery-item'>\n\t\t\t<div class='gallery-icon landscape'>\n\t\t\t\t<img decoding=\"async\" width=\"1024\" height=\"700\" src=\"https:\/\/ammersee-hotel.de\/wp-content\/uploads\/2022\/10\/Standardzimmer-klein2.jpg\" class=\"attachment-full size-full\" alt=\"\" srcset=\"https:\/\/ammersee-hotel.de\/wp-content\/uploads\/2022\/10\/Standardzimmer-klein2.jpg 1024w, https:\/\/ammersee-hotel.de\/wp-content\/uploads\/2022\/10\/Standardzimmer-klein2-300x205.jpg 300w, https:\/\/ammersee-hotel.de\/wp-content\/uploads\/2022\/10\/Standardzimmer-klein2-768x525.jpg 768w\" sizes=\"(max-width: 1024px) 100vw, 1024px\" \/>\n\t\t\t<\/div><\/figure>\n\t\t<\/div>\n\t\t<\/div>\n\t\t\t\t\t\t<\/div>\n\t\t\t\t<\/div>\n\t\t\t\t\t<\/div>\n\t\t<\/div>\n\t\t\t\t<div class=\"elementor-column elementor-col-50 elementor-top-column elementor-element elementor-element-33aca837\" data-id=\"33aca837\" data-element_type=\"column\" data-e-type=\"column\">\n\t\t\t<div class=\"elementor-widget-wrap elementor-element-populated\">\n\t\t\t\t\t\t<div class=\"elementor-element elementor-element-18b57006 elementor-widget elementor-widget-image\" data-id=\"18b57006\" data-element_type=\"widget\" data-e-type=\"widget\" data-widget_type=\"image.default\">\n\t\t\t\t<div class=\"elementor-widget-container\">\n\t\t\t\t\t\t\t\t\t\t\t\t\t\t\t<img decoding=\"async\" width=\"1024\" height=\"700\" src=\"https:\/\/ammersee-hotel.de\/wp-content\/uploads\/2024\/03\/Doppelzimmer-weiteres-Balkon.jpg\" class=\"attachment-full size-full wp-image-8244\" alt=\"\" srcset=\"https:\/\/ammersee-hotel.de\/wp-content\/uploads\/2024\/03\/Doppelzimmer-weiteres-Balkon.jpg 1024w, https:\/\/ammersee-hotel.de\/wp-content\/uploads\/2024\/03\/Doppelzimmer-weiteres-Balkon-300x205.jpg 300w, https:\/\/ammersee-hotel.de\/wp-content\/uploads\/2024\/03\/Doppelzimmer-weiteres-Balkon-768x525.jpg 768w\" sizes=\"(max-width: 1024px) 100vw, 1024px\" \/>\t\t\t\t\t\t\t\t\t\t\t\t\t\t\t<\/div>\n\t\t\t\t<\/div>\n\t\t\t\t\t<\/div>\n\t\t<\/div>\n\t\t\t\t\t<\/div>\n\t\t<\/section>\n\t\t\t\t<section class=\"elementor-section elementor-top-section elementor-element elementor-element-362dec86 elementor-section-boxed elementor-section-height-default elementor-section-height-default\" data-id=\"362dec86\" data-element_type=\"section\" data-e-type=\"section\">\n\t\t\t\t\t\t<div class=\"elementor-container elementor-column-gap-default\">\n\t\t\t\t\t<div class=\"elementor-column elementor-col-100 elementor-top-column elementor-element elementor-element-1a8979e8\" data-id=\"1a8979e8\" data-element_type=\"column\" data-e-type=\"column\">\n\t\t\t<div class=\"elementor-widget-wrap elementor-element-populated\">\n\t\t\t\t\t\t<div class=\"elementor-element elementor-element-5875e13c elementor-widget elementor-widget-text-editor\" data-id=\"5875e13c\" data-element_type=\"widget\" data-e-type=\"widget\" data-widget_type=\"text-editor.default\">\n\t\t\t\t<div class=\"elementor-widget-container\">\n\t\t\t\t\t\t\t\t\t<p>Nos 33 chambres standard d\u2019environ 20 m\u00b2 donnent \u00e0 la fois sur la terre et sur le lac et certaines disposent d\u2019un balcon.<\/p>\n<p>Les chambres sont \u00e9quip\u00e9es d\u2019un lit double, de la climatisation, d\u2019une t\u00e9l\u00e9vision \u00e0 \u00e9cran plat avec connexion par c\u00e2ble et t\u00e9l\u00e9texte, d\u2019un r\u00e9veil et d\u2019une radio, d\u2019un coffre-fort ainsi que d\u2019un t\u00e9l\u00e9phone et d\u2019une connexion Internet au bureau. La salle de bain dispose d\u2019une douche, de toilettes, d\u2019un s\u00e8che-cheveux, d\u2019un grand espace et d\u2019un miroir grossissant. Toutes les chambres de l\u2019h\u00f4tel Ammersee sont non-fumeurs.  <\/p>\n\t\t\t\t\t\t\t\t<\/div>\n\t\t\t\t<\/div>\n\t\t\t\t\t<\/div>\n\t\t<\/div>\n\t\t\t\t\t<\/div>\n\t\t<\/section>\n\t\t\t\t<section class=\"elementor-section elementor-inner-section elementor-element elementor-element-5709a525 elementor-section-boxed elementor-section-height-default elementor-section-height-default\" data-id=\"5709a525\" data-element_type=\"section\" data-e-type=\"section\">\n\t\t\t\t\t\t<div class=\"elementor-container elementor-column-gap-narrow\">\n\t\t\t\t\t<div class=\"elementor-column elementor-col-100 elementor-inner-column elementor-element elementor-element-6c3d47aa\" data-id=\"6c3d47aa\" data-element_type=\"column\" data-e-type=\"column\">\n\t\t\t<div class=\"elementor-widget-wrap elementor-element-populated\">\n\t\t\t\t\t\t<div class=\"elementor-element elementor-element-8abd489 elementor-align-center elementor-widget__width-auto elementor-widget elementor-widget-button\" data-id=\"8abd489\" data-element_type=\"widget\" data-e-type=\"widget\" data-widget_type=\"button.default\">\n\t\t\t\t<div class=\"elementor-widget-container\">\n\t\t\t\t\t\t\t\t\t<div class=\"elementor-button-wrapper\">\n\t\t\t\t\t<a class=\"elementor-button elementor-button-link elementor-size-sm\" href=\"https:\/\/onepagebooking.com\/ammersee-hotel\" target=\"_blank\">\n\t\t\t\t\t\t<span class=\"elementor-button-content-wrapper\">\n\t\t\t\t\t\t\t\t\t<span class=\"elementor-button-text\">R\u00c9SERVER EN LIGNE<\/span>\n\t\t\t\t\t<\/span>\n\t\t\t\t\t<\/a>\n\t\t\t\t<\/div>\n\t\t\t\t\t\t\t\t<\/div>\n\t\t\t\t<\/div>\n\t\t\t\t\t<\/div>\n\t\t<\/div>\n\t\t\t\t\t<\/div>\n\t\t<\/section>\n\t\t\t\t<\/div>\n\t\t","protected":false},"excerpt":{"rendered":"<p>CHAMBRE DOUBLE Nos 33 chambres standard d\u2019environ 20 m\u00b2 donnent \u00e0 la fois sur la terre et sur le lac et certaines disposent d\u2019un balcon. Les chambres sont \u00e9quip\u00e9es d\u2019un lit double, de la climatisation, d\u2019une t\u00e9l\u00e9vision \u00e0 \u00e9cran plat avec connexion par c\u00e2ble et t\u00e9l\u00e9texte, d\u2019un r\u00e9veil et d\u2019une radio, d\u2019un coffre-fort ainsi que [&hellip;]<\/p>\n","protected":false},"author":1,"featured_media":0,"parent":0,"menu_order":0,"comment_status":"closed","ping_status":"closed","template":"","meta":{"site-sidebar-layout":"no-sidebar","site-content-layout":"page-builder","ast-site-content-layout":"full-width-container","site-content-style":"unboxed","site-sidebar-style":"unboxed","ast-global-header-display":"","ast-banner-title-visibility":"","ast-main-header-display":"","ast-hfb-above-header-display":"","ast-hfb-below-header-display":"","ast-hfb-mobile-header-display":"","site-post-title":"disabled","ast-breadcrumbs-content":"","ast-featured-img":"disabled","footer-sml-layout":"","theme-transparent-header-meta":"","adv-header-id-meta":"","stick-header-meta":"","header-above-stick-meta":"","header-main-stick-meta":"","header-below-stick-meta":"","astra-migrate-meta-layouts":"default","ast-page-background-enabled":"default","ast-page-background-meta":{"desktop":{"background-color":"","background-image":"","background-repeat":"repeat","background-position":"center center","background-size":"auto","background-attachment":"scroll","background-type":"","background-media":"","overlay-type":"","overlay-color":"","overlay-opacity":"","overlay-gradient":""},"tablet":{"background-color":"","background-image":"","background-repeat":"repeat","background-position":"center center","background-size":"auto","background-attachment":"scroll","background-type":"","background-media":"","overlay-type":"","overlay-color":"","overlay-opacity":"","overlay-gradient":""},"mobile":{"background-color":"","background-image":"","background-repeat":"repeat","background-position":"center center","background-size":"auto","background-attachment":"scroll","background-type":"","background-media":"","overlay-type":"","overlay-color":"","overlay-opacity":"","overlay-gradient":""}},"ast-content-background-meta":{"desktop":{"background-color":"var(--ast-global-color-5)","background-image":"","background-repeat":"repeat","background-position":"center center","background-size":"auto","background-attachment":"scroll","background-type":"","background-media":"","overlay-type":"","overlay-color":"","overlay-opacity":"","overlay-gradient":""},"tablet":{"background-color":"var(--ast-global-color-5)","background-image":"","background-repeat":"repeat","background-position":"center center","background-size":"auto","background-attachment":"scroll","background-type":"","background-media":"","overlay-type":"","overlay-color":"","overlay-opacity":"","overlay-gradient":""},"mobile":{"background-color":"var(--ast-global-color-5)","background-image":"","background-repeat":"repeat","background-position":"center center","background-size":"auto","background-attachment":"scroll","background-type":"","background-media":"","overlay-type":"","overlay-color":"","overlay-opacity":"","overlay-gradient":""}},"footnotes":""},"class_list":["post-8240","page","type-page","status-publish","hentry"],"yoast_head":"<!-- This site is optimized with the Yoast SEO plugin v24.4 - https:\/\/yoast.com\/wordpress\/plugins\/seo\/ -->\n<title>Chambre double dans le Ammersee Hotel.<\/title>\n<meta name=\"description\" content=\"Nos chambres sont con\u00e7ues pour que vous vous sentiez comme chez vous. D\u00e9tendez-vous dans des lits confortables, laissez la vie quotidienne derri\u00e8re vous\" \/>\n<meta name=\"robots\" content=\"index, follow, max-snippet:-1, max-image-preview:large, max-video-preview:-1\" \/>\n<link rel=\"canonical\" href=\"https:\/\/ammersee-hotel.de\/fr\/chambre-double\/\" \/>\n<meta property=\"og:locale\" content=\"fr_FR\" \/>\n<meta property=\"og:type\" content=\"article\" \/>\n<meta property=\"og:title\" content=\"Chambre double dans le Ammersee Hotel.\" \/>\n<meta property=\"og:description\" content=\"Nos chambres sont con\u00e7ues pour que vous vous sentiez comme chez vous. D\u00e9tendez-vous dans des lits confortables, laissez la vie quotidienne derri\u00e8re vous\" \/>\n<meta property=\"og:url\" content=\"https:\/\/ammersee-hotel.de\/fr\/chambre-double\/\" \/>\n<meta property=\"og:site_name\" content=\"Ammersee Hotel\" \/>\n<meta property=\"article:modified_time\" content=\"2025-12-01T14:22:57+00:00\" \/>\n<meta property=\"og:image\" content=\"https:\/\/ammersee-hotel.de\/wp-content\/uploads\/2022\/10\/Standardzimmer-klein1.jpg\" \/>\n<meta name=\"twitter:card\" content=\"summary_large_image\" \/>\n<meta name=\"twitter:label1\" content=\"Dur\u00e9e de lecture estim\u00e9e\" \/>\n\t<meta name=\"twitter:data1\" content=\"2 minutes\" \/>\n<script type=\"application\/ld+json\" class=\"yoast-schema-graph\">{\"@context\":\"https:\/\/schema.org\",\"@graph\":[{\"@type\":\"WebPage\",\"@id\":\"https:\/\/ammersee-hotel.de\/fr\/chambre-double\/\",\"url\":\"https:\/\/ammersee-hotel.de\/fr\/chambre-double\/\",\"name\":\"Chambre double dans le Ammersee Hotel.\",\"isPartOf\":{\"@id\":\"https:\/\/ammersee-hotel.de\/fr\/#website\"},\"primaryImageOfPage\":{\"@id\":\"https:\/\/ammersee-hotel.de\/fr\/chambre-double\/#primaryimage\"},\"image\":{\"@id\":\"https:\/\/ammersee-hotel.de\/fr\/chambre-double\/#primaryimage\"},\"thumbnailUrl\":\"https:\/\/ammersee-hotel.de\/wp-content\/uploads\/2022\/10\/Standardzimmer-klein1.jpg\",\"datePublished\":\"2022-09-27T11:05:09+00:00\",\"dateModified\":\"2025-12-01T14:22:57+00:00\",\"description\":\"Nos chambres sont con\u00e7ues pour que vous vous sentiez comme chez vous. D\u00e9tendez-vous dans des lits confortables, laissez la vie quotidienne derri\u00e8re vous\",\"breadcrumb\":{\"@id\":\"https:\/\/ammersee-hotel.de\/fr\/chambre-double\/#breadcrumb\"},\"inLanguage\":\"fr-FR\",\"potentialAction\":[{\"@type\":\"ReadAction\",\"target\":[\"https:\/\/ammersee-hotel.de\/fr\/chambre-double\/\"]}]},{\"@type\":\"ImageObject\",\"inLanguage\":\"fr-FR\",\"@id\":\"https:\/\/ammersee-hotel.de\/fr\/chambre-double\/#primaryimage\",\"url\":\"https:\/\/ammersee-hotel.de\/wp-content\/uploads\/2022\/10\/Standardzimmer-klein1.jpg\",\"contentUrl\":\"https:\/\/ammersee-hotel.de\/wp-content\/uploads\/2022\/10\/Standardzimmer-klein1.jpg\"},{\"@type\":\"BreadcrumbList\",\"@id\":\"https:\/\/ammersee-hotel.de\/fr\/chambre-double\/#breadcrumb\",\"itemListElement\":[{\"@type\":\"ListItem\",\"position\":1,\"name\":\"Startseite\",\"item\":\"https:\/\/ammersee-hotel.de\/fr\/\"},{\"@type\":\"ListItem\",\"position\":2,\"name\":\"Chambre double\"}]},{\"@type\":\"WebSite\",\"@id\":\"https:\/\/ammersee-hotel.de\/fr\/#website\",\"url\":\"https:\/\/ammersee-hotel.de\/fr\/\",\"name\":\"Ammersee Hotel\",\"description\":\"Willkommen am See\",\"publisher\":{\"@id\":\"https:\/\/ammersee-hotel.de\/fr\/#organization\"},\"potentialAction\":[{\"@type\":\"SearchAction\",\"target\":{\"@type\":\"EntryPoint\",\"urlTemplate\":\"https:\/\/ammersee-hotel.de\/fr\/?s={search_term_string}\"},\"query-input\":{\"@type\":\"PropertyValueSpecification\",\"valueRequired\":true,\"valueName\":\"search_term_string\"}}],\"inLanguage\":\"fr-FR\"},{\"@type\":\"Organization\",\"@id\":\"https:\/\/ammersee-hotel.de\/fr\/#organization\",\"name\":\"Ammersee Hotel\",\"url\":\"https:\/\/ammersee-hotel.de\/fr\/\",\"logo\":{\"@type\":\"ImageObject\",\"inLanguage\":\"fr-FR\",\"@id\":\"https:\/\/ammersee-hotel.de\/fr\/#\/schema\/logo\/image\/\",\"url\":\"https:\/\/ammersee-hotel.de\/wp-content\/uploads\/2022\/09\/Logo-Web.svg\",\"contentUrl\":\"https:\/\/ammersee-hotel.de\/wp-content\/uploads\/2022\/09\/Logo-Web.svg\",\"width\":172,\"height\":17,\"caption\":\"Ammersee Hotel\"},\"image\":{\"@id\":\"https:\/\/ammersee-hotel.de\/fr\/#\/schema\/logo\/image\/\"}}]}<\/script>\n<!-- \/ Yoast SEO plugin. -->","yoast_head_json":{"title":"Chambre double dans le Ammersee Hotel.","description":"Nos chambres sont con\u00e7ues pour que vous vous sentiez comme chez vous. D\u00e9tendez-vous dans des lits confortables, laissez la vie quotidienne derri\u00e8re vous","robots":{"index":"index","follow":"follow","max-snippet":"max-snippet:-1","max-image-preview":"max-image-preview:large","max-video-preview":"max-video-preview:-1"},"canonical":"https:\/\/ammersee-hotel.de\/fr\/chambre-double\/","og_locale":"fr_FR","og_type":"article","og_title":"Chambre double dans le Ammersee Hotel.","og_description":"Nos chambres sont con\u00e7ues pour que vous vous sentiez comme chez vous. D\u00e9tendez-vous dans des lits confortables, laissez la vie quotidienne derri\u00e8re vous","og_url":"https:\/\/ammersee-hotel.de\/fr\/chambre-double\/","og_site_name":"Ammersee Hotel","article_modified_time":"2025-12-01T14:22:57+00:00","og_image":[{"url":"https:\/\/ammersee-hotel.de\/wp-content\/uploads\/2022\/10\/Standardzimmer-klein1.jpg","type":"","width":"","height":""}],"twitter_card":"summary_large_image","twitter_misc":{"Dur\u00e9e de lecture estim\u00e9e":"2 minutes"},"schema":{"@context":"https:\/\/schema.org","@graph":[{"@type":"WebPage","@id":"https:\/\/ammersee-hotel.de\/fr\/chambre-double\/","url":"https:\/\/ammersee-hotel.de\/fr\/chambre-double\/","name":"Chambre double dans le Ammersee Hotel.","isPartOf":{"@id":"https:\/\/ammersee-hotel.de\/fr\/#website"},"primaryImageOfPage":{"@id":"https:\/\/ammersee-hotel.de\/fr\/chambre-double\/#primaryimage"},"image":{"@id":"https:\/\/ammersee-hotel.de\/fr\/chambre-double\/#primaryimage"},"thumbnailUrl":"https:\/\/ammersee-hotel.de\/wp-content\/uploads\/2022\/10\/Standardzimmer-klein1.jpg","datePublished":"2022-09-27T11:05:09+00:00","dateModified":"2025-12-01T14:22:57+00:00","description":"Nos chambres sont con\u00e7ues pour que vous vous sentiez comme chez vous. D\u00e9tendez-vous dans des lits confortables, laissez la vie quotidienne derri\u00e8re vous","breadcrumb":{"@id":"https:\/\/ammersee-hotel.de\/fr\/chambre-double\/#breadcrumb"},"inLanguage":"fr-FR","potentialAction":[{"@type":"ReadAction","target":["https:\/\/ammersee-hotel.de\/fr\/chambre-double\/"]}]},{"@type":"ImageObject","inLanguage":"fr-FR","@id":"https:\/\/ammersee-hotel.de\/fr\/chambre-double\/#primaryimage","url":"https:\/\/ammersee-hotel.de\/wp-content\/uploads\/2022\/10\/Standardzimmer-klein1.jpg","contentUrl":"https:\/\/ammersee-hotel.de\/wp-content\/uploads\/2022\/10\/Standardzimmer-klein1.jpg"},{"@type":"BreadcrumbList","@id":"https:\/\/ammersee-hotel.de\/fr\/chambre-double\/#breadcrumb","itemListElement":[{"@type":"ListItem","position":1,"name":"Startseite","item":"https:\/\/ammersee-hotel.de\/fr\/"},{"@type":"ListItem","position":2,"name":"Chambre double"}]},{"@type":"WebSite","@id":"https:\/\/ammersee-hotel.de\/fr\/#website","url":"https:\/\/ammersee-hotel.de\/fr\/","name":"Ammersee Hotel","description":"Willkommen am See","publisher":{"@id":"https:\/\/ammersee-hotel.de\/fr\/#organization"},"potentialAction":[{"@type":"SearchAction","target":{"@type":"EntryPoint","urlTemplate":"https:\/\/ammersee-hotel.de\/fr\/?s={search_term_string}"},"query-input":{"@type":"PropertyValueSpecification","valueRequired":true,"valueName":"search_term_string"}}],"inLanguage":"fr-FR"},{"@type":"Organization","@id":"https:\/\/ammersee-hotel.de\/fr\/#organization","name":"Ammersee Hotel","url":"https:\/\/ammersee-hotel.de\/fr\/","logo":{"@type":"ImageObject","inLanguage":"fr-FR","@id":"https:\/\/ammersee-hotel.de\/fr\/#\/schema\/logo\/image\/","url":"https:\/\/ammersee-hotel.de\/wp-content\/uploads\/2022\/09\/Logo-Web.svg","contentUrl":"https:\/\/ammersee-hotel.de\/wp-content\/uploads\/2022\/09\/Logo-Web.svg","width":172,"height":17,"caption":"Ammersee Hotel"},"image":{"@id":"https:\/\/ammersee-hotel.de\/fr\/#\/schema\/logo\/image\/"}}]}},"_links":{"self":[{"href":"https:\/\/ammersee-hotel.de\/fr\/wp-json\/wp\/v2\/pages\/8240","targetHints":{"allow":["GET"]}}],"collection":[{"href":"https:\/\/ammersee-hotel.de\/fr\/wp-json\/wp\/v2\/pages"}],"about":[{"href":"https:\/\/ammersee-hotel.de\/fr\/wp-json\/wp\/v2\/types\/page"}],"author":[{"embeddable":true,"href":"https:\/\/ammersee-hotel.de\/fr\/wp-json\/wp\/v2\/users\/1"}],"replies":[{"embeddable":true,"href":"https:\/\/ammersee-hotel.de\/fr\/wp-json\/wp\/v2\/comments?post=8240"}],"version-history":[{"count":4,"href":"https:\/\/ammersee-hotel.de\/fr\/wp-json\/wp\/v2\/pages\/8240\/revisions"}],"predecessor-version":[{"id":8846,"href":"https:\/\/ammersee-hotel.de\/fr\/wp-json\/wp\/v2\/pages\/8240\/revisions\/8846"}],"wp:attachment":[{"href":"https:\/\/ammersee-hotel.de\/fr\/wp-json\/wp\/v2\/media?parent=8240"}],"curies":[{"name":"wp","href":"https:\/\/api.w.org\/{rel}","templated":true}]}}