{"id":8042,"date":"2021-05-11T05:33:17","date_gmt":"2021-05-11T03:33:17","guid":{"rendered":"https:\/\/ammersee-hotel.de\/contact\/"},"modified":"2025-10-01T10:06:42","modified_gmt":"2025-10-01T08:06:42","slug":"contact","status":"publish","type":"page","link":"https:\/\/ammersee-hotel.de\/fr\/contact\/","title":{"rendered":"Contact"},"content":{"rendered":"\t\t<div data-elementor-type=\"wp-page\" data-elementor-id=\"8042\" class=\"elementor elementor-8042 elementor-150\" data-elementor-post-type=\"page\">\n\t\t\t\t\t\t<section class=\"elementor-section elementor-top-section elementor-element elementor-element-7c590452 elementor-section-height-min-height elementor-section-boxed elementor-section-height-default elementor-section-items-middle\" data-id=\"7c590452\" data-element_type=\"section\" data-e-type=\"section\" data-settings=\"{&quot;background_background&quot;:&quot;classic&quot;,&quot;background_motion_fx_motion_fx_scrolling&quot;:&quot;yes&quot;,&quot;background_motion_fx_devices&quot;:[&quot;widescreen&quot;,&quot;desktop&quot;,&quot;laptop&quot;,&quot;tablet_extra&quot;,&quot;tablet&quot;,&quot;mobile&quot;]}\">\n\t\t\t\t\t\t<div class=\"elementor-container elementor-column-gap-no\">\n\t\t\t\t\t<div class=\"elementor-column elementor-col-100 elementor-top-column elementor-element elementor-element-6e348b5c\" data-id=\"6e348b5c\" data-element_type=\"column\" data-e-type=\"column\">\n\t\t\t<div class=\"elementor-widget-wrap\">\n\t\t\t\t\t\t\t<\/div>\n\t\t<\/div>\n\t\t\t\t\t<\/div>\n\t\t<\/section>\n\t\t\t\t<section class=\"elementor-section elementor-top-section elementor-element elementor-element-6d6092cf elementor-section-boxed elementor-section-height-default elementor-section-height-default\" data-id=\"6d6092cf\" data-element_type=\"section\" data-e-type=\"section\">\n\t\t\t\t\t\t<div class=\"elementor-container elementor-column-gap-default\">\n\t\t\t\t\t<div class=\"elementor-column elementor-col-100 elementor-top-column elementor-element elementor-element-ff15dcc\" data-id=\"ff15dcc\" data-element_type=\"column\" data-e-type=\"column\">\n\t\t\t<div class=\"elementor-widget-wrap elementor-element-populated\">\n\t\t\t\t\t\t<div class=\"elementor-element elementor-element-7edfe7da elementor-widget elementor-widget-heading\" data-id=\"7edfe7da\" data-element_type=\"widget\" data-e-type=\"widget\" data-widget_type=\"heading.default\">\n\t\t\t\t<div class=\"elementor-widget-container\">\n\t\t\t\t\t<h2 class=\"elementor-heading-title elementor-size-default\">CONTACT<\/h2>\t\t\t\t<\/div>\n\t\t\t\t<\/div>\n\t\t\t\t<div class=\"elementor-element elementor-element-655eb7e2 elementor-widget elementor-widget-text-editor\" data-id=\"655eb7e2\" data-element_type=\"widget\" data-e-type=\"widget\" data-widget_type=\"text-editor.default\">\n\t\t\t\t<div class=\"elementor-widget-container\">\n\t\t\t\t\t\t\t\t\t<p>Nous nous r\u00e9jouissons d\u2019avoir de vos nouvelles.<\/p>\n\t\t\t\t\t\t\t\t<\/div>\n\t\t\t\t<\/div>\n\t\t\t\t\t<\/div>\n\t\t<\/div>\n\t\t\t\t\t<\/div>\n\t\t<\/section>\n\t\t\t\t<section class=\"elementor-section elementor-top-section elementor-element elementor-element-29835de elementor-section-boxed elementor-section-height-default elementor-section-height-default\" data-id=\"29835de\" data-element_type=\"section\" data-e-type=\"section\" data-settings=\"{&quot;background_background&quot;:&quot;classic&quot;}\">\n\t\t\t\t\t\t<div class=\"elementor-container elementor-column-gap-no\">\n\t\t\t\t\t<div class=\"elementor-column elementor-col-50 elementor-top-column elementor-element elementor-element-5663bdd\" data-id=\"5663bdd\" data-element_type=\"column\" data-e-type=\"column\" data-settings=\"{&quot;background_background&quot;:&quot;classic&quot;}\">\n\t\t\t<div class=\"elementor-widget-wrap elementor-element-populated\">\n\t\t\t\t\t\t<div class=\"elementor-element elementor-element-37962c3 elementor-widget elementor-widget-heading\" data-id=\"37962c3\" data-element_type=\"widget\" data-e-type=\"widget\" data-widget_type=\"heading.default\">\n\t\t\t\t<div class=\"elementor-widget-container\">\n\t\t\t\t\t<h2 class=\"elementor-heading-title elementor-size-default\">Adresse<\/h2>\t\t\t\t<\/div>\n\t\t\t\t<\/div>\n\t\t\t\t<div class=\"elementor-element elementor-element-1a49dd27 elementor-widget elementor-widget-text-editor\" data-id=\"1a49dd27\" data-element_type=\"widget\" data-e-type=\"widget\" data-widget_type=\"text-editor.default\">\n\t\t\t\t<div class=\"elementor-widget-container\">\n\t\t\t\t\t\t\t\t\t<p>AMMERSEEHOTEL<br \/>GT Hotel- und Gastronomiebetriebs-GmbH<br \/>Summerstra\u00dfe 32<br \/>82211 Herrsching<br \/>T\u00e9l\u00e9phone&nbsp;: +49 8152 \/ 96870<br \/>Adresse postale : info@ammersee-hotel.de<\/p>\n\t\t\t\t\t\t\t\t<\/div>\n\t\t\t\t<\/div>\n\t\t\t\t<div class=\"elementor-element elementor-element-ad1ba3d elementor-widget elementor-widget-heading\" data-id=\"ad1ba3d\" data-element_type=\"widget\" data-e-type=\"widget\" data-widget_type=\"heading.default\">\n\t\t\t\t<div class=\"elementor-widget-container\">\n\t\t\t\t\t<h2 class=\"elementor-heading-title elementor-size-default\">Heures d\u2019ouverture Steg 32<\/h2>\t\t\t\t<\/div>\n\t\t\t\t<\/div>\n\t\t\t\t<div class=\"elementor-element elementor-element-b441eba elementor-widget elementor-widget-text-editor\" data-id=\"b441eba\" data-element_type=\"widget\" data-e-type=\"widget\" data-widget_type=\"text-editor.default\">\n\t\t\t\t<div class=\"elementor-widget-container\">\n\t\t\t\t\t\t\t\t\t<p>Horaires d\u2019ouverture de notre restaurant :<br \/>Ouvert tous les jours de 07h00 \u00e0 23h00<\/p>\n<\/p>\n<p>PETIT D\u00c9JEUNER<br \/>Lundi &#8211; Dimanche<br \/>07h00 \u00e0 11h00<\/p>\n\t\t\t\t\t\t\t\t<\/div>\n\t\t\t\t<\/div>\n\t\t\t\t<div class=\"elementor-element elementor-element-d814964 elementor-widget elementor-widget-heading\" data-id=\"d814964\" data-element_type=\"widget\" data-e-type=\"widget\" data-widget_type=\"heading.default\">\n\t\t\t\t<div class=\"elementor-widget-container\">\n\t\t\t\t\t<h4 class=\"elementor-heading-title elementor-size-default\">Suivez-nous<\/h4>\t\t\t\t<\/div>\n\t\t\t\t<\/div>\n\t\t\t\t<div class=\"elementor-element elementor-element-e14bc1c elementor-grid-4 e-grid-align-left elementor-shape-rounded elementor-widget elementor-widget-social-icons\" data-id=\"e14bc1c\" data-element_type=\"widget\" data-e-type=\"widget\" data-widget_type=\"social-icons.default\">\n\t\t\t\t<div class=\"elementor-widget-container\">\n\t\t\t\t\t\t\t<div class=\"elementor-social-icons-wrapper elementor-grid\" role=\"list\">\n\t\t\t\t\t\t\t<span class=\"elementor-grid-item\" role=\"listitem\">\n\t\t\t\t\t<a class=\"elementor-icon elementor-social-icon elementor-social-icon-instagram elementor-repeater-item-c332c44\" href=\"https:\/\/www.instagram.com\/ammersee.hotel\/\" target=\"_blank\">\n\t\t\t\t\t\t<span class=\"elementor-screen-only\">Instagram<\/span>\n\t\t\t\t\t\t<i aria-hidden=\"true\" class=\"fab fa-instagram\"><\/i>\t\t\t\t\t<\/a>\n\t\t\t\t<\/span>\n\t\t\t\t\t\t\t<span class=\"elementor-grid-item\" role=\"listitem\">\n\t\t\t\t\t<a class=\"elementor-icon elementor-social-icon elementor-social-icon-facebook elementor-repeater-item-80d0fd7\" href=\"https:\/\/de-de.facebook.com\/AmmerseeHotel\/\" target=\"_blank\">\n\t\t\t\t\t\t<span class=\"elementor-screen-only\">Facebook<\/span>\n\t\t\t\t\t\t<i aria-hidden=\"true\" class=\"fab fa-facebook\"><\/i>\t\t\t\t\t<\/a>\n\t\t\t\t<\/span>\n\t\t\t\t\t<\/div>\n\t\t\t\t\t\t<\/div>\n\t\t\t\t<\/div>\n\t\t\t\t\t<\/div>\n\t\t<\/div>\n\t\t\t\t<div class=\"elementor-column elementor-col-50 elementor-top-column elementor-element elementor-element-40ce0dc\" data-id=\"40ce0dc\" data-element_type=\"column\" data-e-type=\"column\">\n\t\t\t<div class=\"elementor-widget-wrap elementor-element-populated\">\n\t\t\t\t\t\t<div class=\"elementor-element elementor-element-8138bf1 elementor-widget elementor-widget-wpforms\" data-id=\"8138bf1\" data-element_type=\"widget\" data-e-type=\"widget\" data-widget_type=\"wpforms.default\">\n\t\t\t\t<div class=\"elementor-widget-container\">\n\t\t\t\t\t<div class=\"wpforms-container \" id=\"wpforms-16\"><form id=\"wpforms-form-16\" class=\"wpforms-validate wpforms-form\" data-formid=\"16\" method=\"post\" enctype=\"multipart\/form-data\" action=\"\/fr\/wp-json\/wp\/v2\/pages\/8042\" data-token=\"123fe328c522c87e23a8c087c3f61ddd\" data-token-time=\"1775407868\"><noscript class=\"wpforms-error-noscript\">Veuillez activer JavaScript dans votre navigateur pour remplir ce formulaire.<\/noscript><div class=\"wpforms-field-container\"><div id=\"wpforms-16-field_5-container\" class=\"wpforms-field wpforms-field-radio wpforms-list-inline\" data-field-id=\"5\"><label class=\"wpforms-field-label\">Titre de civilit\u00e9<\/label><ul id=\"wpforms-16-field_5\"><li class=\"choice-1 depth-1\"><input type=\"radio\" id=\"wpforms-16-field_5_1\" name=\"wpforms[fields][5]\" value=\"Mme\"  ><label class=\"wpforms-field-label-inline\" for=\"wpforms-16-field_5_1\">Mme<\/label><\/li><li class=\"choice-2 depth-1\"><input type=\"radio\" id=\"wpforms-16-field_5_2\" name=\"wpforms[fields][5]\" value=\"M.\"  ><label class=\"wpforms-field-label-inline\" for=\"wpforms-16-field_5_2\">M.<\/label><\/li><li class=\"choice-3 depth-1\"><input type=\"radio\" id=\"wpforms-16-field_5_3\" name=\"wpforms[fields][5]\" value=\"Divers\"  ><label class=\"wpforms-field-label-inline\" for=\"wpforms-16-field_5_3\">Divers<\/label><\/li><\/ul><\/div><div id=\"wpforms-16-field_0-container\" class=\"wpforms-field wpforms-field-name\" data-field-id=\"0\"><label class=\"wpforms-field-label\">Nom <span class=\"wpforms-required-label\">*<\/span><\/label><div class=\"wpforms-field-row wpforms-field-large\"><div class=\"wpforms-field-row-block wpforms-first wpforms-one-half\"><input type=\"text\" id=\"wpforms-16-field_0\" class=\"wpforms-field-name-first wpforms-field-required\" name=\"wpforms[fields][0][first]\" required><label for=\"wpforms-16-field_0\" class=\"wpforms-field-sublabel after\">Pr\u00e9nom<\/label><\/div><div class=\"wpforms-field-row-block wpforms-one-half\"><input type=\"text\" id=\"wpforms-16-field_0-last\" class=\"wpforms-field-name-last wpforms-field-required\" name=\"wpforms[fields][0][last]\" required><label for=\"wpforms-16-field_0-last\" class=\"wpforms-field-sublabel after\">Nom<\/label><\/div><\/div><\/div><div id=\"wpforms-16-field_7-container\" class=\"wpforms-field wpforms-field-text\" data-field-id=\"7\"><label class=\"wpforms-field-label\" for=\"wpforms-16-field_7\">Rue<\/label><input type=\"text\" id=\"wpforms-16-field_7\" class=\"wpforms-field-large\" name=\"wpforms[fields][7]\" ><\/div><div id=\"wpforms-16-field_8-container\" class=\"wpforms-field wpforms-field-text\" data-field-id=\"8\"><label class=\"wpforms-field-label\" for=\"wpforms-16-field_8\">Code postal \/ Lieu<\/label><input type=\"text\" id=\"wpforms-16-field_8\" class=\"wpforms-field-large\" name=\"wpforms[fields][8]\" ><\/div><div id=\"wpforms-16-field_9-container\" class=\"wpforms-field wpforms-field-text\" data-field-id=\"9\"><label class=\"wpforms-field-label\" for=\"wpforms-16-field_9\">Pays<\/label><input type=\"text\" id=\"wpforms-16-field_9\" class=\"wpforms-field-large\" name=\"wpforms[fields][9]\" ><\/div><div id=\"wpforms-16-field_1-container\" class=\"wpforms-field wpforms-field-email\" data-field-id=\"1\"><label class=\"wpforms-field-label\" for=\"wpforms-16-field_1\">Email <span class=\"wpforms-required-label\">*<\/span><\/label><input type=\"email\" id=\"wpforms-16-field_1\" class=\"wpforms-field-large wpforms-field-required\" name=\"wpforms[fields][1]\" spellcheck=\"false\" required><\/div><div id=\"wpforms-16-field_13-container\" class=\"wpforms-field wpforms-field-text\" data-field-id=\"13\"><label class=\"wpforms-field-label\" for=\"wpforms-16-field_13\">T\u00e9l\u00e9phone<\/label><input type=\"text\" id=\"wpforms-16-field_13\" class=\"wpforms-field-medium\" name=\"wpforms[fields][13]\" ><\/div><div id=\"wpforms-16-field_2-container\" class=\"wpforms-field wpforms-field-textarea\" data-field-id=\"2\"><label class=\"wpforms-field-label\" for=\"wpforms-16-field_2\">Votre message pour nous <span class=\"wpforms-required-label\">*<\/span><\/label><textarea id=\"wpforms-16-field_2\" class=\"wpforms-field-medium wpforms-field-required\" name=\"wpforms[fields][2]\" required><\/textarea><div class=\"wpforms-field-description\"><\/br>Nous n'utiliserons vos donn\u00e9es que conform\u00e9ment \u00e0 notre d\u00e9claration de confidentialit\u00e9.<\/div><\/div><\/div><!-- .wpforms-field-container --><div class=\"wpforms-recaptcha-container wpforms-is-hcaptcha\" ><div class=\"g-recaptcha\" data-sitekey=\"2e0f42e3-3378-4f00-9929-5754157e128d\"><\/div><input type=\"text\" name=\"g-recaptcha-hidden\" class=\"wpforms-recaptcha-hidden\" style=\"position:absolute!important;clip:rect(0,0,0,0)!important;height:1px!important;width:1px!important;border:0!important;overflow:hidden!important;padding:0!important;margin:0!important;\" data-rule-hcaptcha=\"1\"><\/div><div class=\"wpforms-submit-container\" ><input type=\"hidden\" name=\"wpforms[id]\" value=\"16\"><input type=\"hidden\" name=\"page_title\" value=\"\"><input type=\"hidden\" name=\"page_url\" value=\"https:\/\/ammersee-hotel.de\/fr\/wp-json\/wp\/v2\/pages\/8042\"><button type=\"submit\" name=\"wpforms[submit]\" id=\"wpforms-submit-16\" class=\"wpforms-submit\" data-alt-text=\"Envoyer...\" data-submit-text=\"ENVOYER\" aria-live=\"assertive\" value=\"wpforms-submit\">ENVOYER<\/button><\/div><\/form><\/div>  <!-- .wpforms-container -->\t\t\t\t<\/div>\n\t\t\t\t<\/div>\n\t\t\t\t\t<\/div>\n\t\t<\/div>\n\t\t\t\t\t<\/div>\n\t\t<\/section>\n\t\t\t\t<\/div>\n\t\t","protected":false},"excerpt":{"rendered":"<p>CONTACT Nous nous r\u00e9jouissons d\u2019avoir de vos nouvelles. Adresse AMMERSEEHOTELGT Hotel- und Gastronomiebetriebs-GmbHSummerstra\u00dfe 3282211 HerrschingT\u00e9l\u00e9phone&nbsp;: +49 8152 \/ 96870Adresse postale : info@ammersee-hotel.de Heures d\u2019ouverture Steg 32 Horaires d\u2019ouverture de notre restaurant :Ouvert tous les jours de 07h00 \u00e0 23h00 PETIT D\u00c9JEUNERLundi &#8211; Dimanche07h00 \u00e0 11h00 Suivez-nous Instagram Facebook Bitte aktiviere JavaScript in deinem Browser, um [&hellip;]<\/p>\n","protected":false},"author":1,"featured_media":0,"parent":0,"menu_order":0,"comment_status":"closed","ping_status":"closed","template":"","meta":{"site-sidebar-layout":"no-sidebar","site-content-layout":"page-builder","ast-site-content-layout":"","site-content-style":"default","site-sidebar-style":"default","ast-global-header-display":"","ast-banner-title-visibility":"","ast-main-header-display":"","ast-hfb-above-header-display":"","ast-hfb-below-header-display":"","ast-hfb-mobile-header-display":"","site-post-title":"disabled","ast-breadcrumbs-content":"","ast-featured-img":"disabled","footer-sml-layout":"","theme-transparent-header-meta":"enabled","adv-header-id-meta":"","stick-header-meta":"","header-above-stick-meta":"","header-main-stick-meta":"","header-below-stick-meta":"","astra-migrate-meta-layouts":"default","ast-page-background-enabled":"default","ast-page-background-meta":{"desktop":{"background-color":"","background-image":"","background-repeat":"repeat","background-position":"center center","background-size":"auto","background-attachment":"scroll","background-type":"","background-media":"","overlay-type":"","overlay-color":"","overlay-opacity":"","overlay-gradient":""},"tablet":{"background-color":"","background-image":"","background-repeat":"repeat","background-position":"center center","background-size":"auto","background-attachment":"scroll","background-type":"","background-media":"","overlay-type":"","overlay-color":"","overlay-opacity":"","overlay-gradient":""},"mobile":{"background-color":"","background-image":"","background-repeat":"repeat","background-position":"center center","background-size":"auto","background-attachment":"scroll","background-type":"","background-media":"","overlay-type":"","overlay-color":"","overlay-opacity":"","overlay-gradient":""}},"ast-content-background-meta":{"desktop":{"background-color":"var(--ast-global-color-5)","background-image":"","background-repeat":"repeat","background-position":"center center","background-size":"auto","background-attachment":"scroll","background-type":"","background-media":"","overlay-type":"","overlay-color":"","overlay-opacity":"","overlay-gradient":""},"tablet":{"background-color":"var(--ast-global-color-5)","background-image":"","background-repeat":"repeat","background-position":"center center","background-size":"auto","background-attachment":"scroll","background-type":"","background-media":"","overlay-type":"","overlay-color":"","overlay-opacity":"","overlay-gradient":""},"mobile":{"background-color":"var(--ast-global-color-5)","background-image":"","background-repeat":"repeat","background-position":"center center","background-size":"auto","background-attachment":"scroll","background-type":"","background-media":"","overlay-type":"","overlay-color":"","overlay-opacity":"","overlay-gradient":""}},"footnotes":""},"class_list":["post-8042","page","type-page","status-publish","hentry"],"yoast_head":"<!-- This site is optimized with the Yoast SEO plugin v24.4 - https:\/\/yoast.com\/wordpress\/plugins\/seo\/ -->\n<title>Contact - Ammersee Hotel<\/title>\n<meta name=\"robots\" content=\"index, follow, max-snippet:-1, max-image-preview:large, max-video-preview:-1\" \/>\n<link rel=\"canonical\" href=\"https:\/\/ammersee-hotel.de\/fr\/contact\/\" \/>\n<meta property=\"og:locale\" content=\"fr_FR\" \/>\n<meta property=\"og:type\" content=\"article\" \/>\n<meta property=\"og:title\" content=\"Contact - Ammersee Hotel\" \/>\n<meta property=\"og:description\" content=\"CONTACT Nous nous r\u00e9jouissons d\u2019avoir de vos nouvelles. Adresse AMMERSEEHOTELGT Hotel- und Gastronomiebetriebs-GmbHSummerstra\u00dfe 3282211 HerrschingT\u00e9l\u00e9phone&nbsp;: +49 8152 \/ 96870Adresse postale : info@ammersee-hotel.de Heures d\u2019ouverture Steg 32 Horaires d\u2019ouverture de notre restaurant :Ouvert tous les jours de 07h00 \u00e0 23h00 PETIT D\u00c9JEUNERLundi &#8211; Dimanche07h00 \u00e0 11h00 Suivez-nous Instagram Facebook Bitte aktiviere JavaScript in deinem Browser, um [&hellip;]\" \/>\n<meta property=\"og:url\" content=\"https:\/\/ammersee-hotel.de\/fr\/contact\/\" \/>\n<meta property=\"og:site_name\" content=\"Ammersee Hotel\" \/>\n<meta property=\"article:modified_time\" content=\"2025-10-01T08:06:42+00:00\" \/>\n<meta name=\"twitter:card\" content=\"summary_large_image\" \/>\n<script type=\"application\/ld+json\" class=\"yoast-schema-graph\">{\"@context\":\"https:\/\/schema.org\",\"@graph\":[{\"@type\":\"WebPage\",\"@id\":\"https:\/\/ammersee-hotel.de\/fr\/contact\/\",\"url\":\"https:\/\/ammersee-hotel.de\/fr\/contact\/\",\"name\":\"Contact - Ammersee Hotel\",\"isPartOf\":{\"@id\":\"https:\/\/ammersee-hotel.de\/fr\/#website\"},\"datePublished\":\"2021-05-11T03:33:17+00:00\",\"dateModified\":\"2025-10-01T08:06:42+00:00\",\"breadcrumb\":{\"@id\":\"https:\/\/ammersee-hotel.de\/fr\/contact\/#breadcrumb\"},\"inLanguage\":\"fr-FR\",\"potentialAction\":[{\"@type\":\"ReadAction\",\"target\":[\"https:\/\/ammersee-hotel.de\/fr\/contact\/\"]}]},{\"@type\":\"BreadcrumbList\",\"@id\":\"https:\/\/ammersee-hotel.de\/fr\/contact\/#breadcrumb\",\"itemListElement\":[{\"@type\":\"ListItem\",\"position\":1,\"name\":\"Startseite\",\"item\":\"https:\/\/ammersee-hotel.de\/fr\/\"},{\"@type\":\"ListItem\",\"position\":2,\"name\":\"Contact\"}]},{\"@type\":\"WebSite\",\"@id\":\"https:\/\/ammersee-hotel.de\/fr\/#website\",\"url\":\"https:\/\/ammersee-hotel.de\/fr\/\",\"name\":\"Ammersee Hotel\",\"description\":\"Willkommen am See\",\"publisher\":{\"@id\":\"https:\/\/ammersee-hotel.de\/fr\/#organization\"},\"potentialAction\":[{\"@type\":\"SearchAction\",\"target\":{\"@type\":\"EntryPoint\",\"urlTemplate\":\"https:\/\/ammersee-hotel.de\/fr\/?s={search_term_string}\"},\"query-input\":{\"@type\":\"PropertyValueSpecification\",\"valueRequired\":true,\"valueName\":\"search_term_string\"}}],\"inLanguage\":\"fr-FR\"},{\"@type\":\"Organization\",\"@id\":\"https:\/\/ammersee-hotel.de\/fr\/#organization\",\"name\":\"Ammersee Hotel\",\"url\":\"https:\/\/ammersee-hotel.de\/fr\/\",\"logo\":{\"@type\":\"ImageObject\",\"inLanguage\":\"fr-FR\",\"@id\":\"https:\/\/ammersee-hotel.de\/fr\/#\/schema\/logo\/image\/\",\"url\":\"https:\/\/ammersee-hotel.de\/wp-content\/uploads\/2022\/09\/Logo-Web.svg\",\"contentUrl\":\"https:\/\/ammersee-hotel.de\/wp-content\/uploads\/2022\/09\/Logo-Web.svg\",\"width\":172,\"height\":17,\"caption\":\"Ammersee Hotel\"},\"image\":{\"@id\":\"https:\/\/ammersee-hotel.de\/fr\/#\/schema\/logo\/image\/\"}}]}<\/script>\n<!-- \/ Yoast SEO plugin. -->","yoast_head_json":{"title":"Contact - Ammersee Hotel","robots":{"index":"index","follow":"follow","max-snippet":"max-snippet:-1","max-image-preview":"max-image-preview:large","max-video-preview":"max-video-preview:-1"},"canonical":"https:\/\/ammersee-hotel.de\/fr\/contact\/","og_locale":"fr_FR","og_type":"article","og_title":"Contact - Ammersee Hotel","og_description":"CONTACT Nous nous r\u00e9jouissons d\u2019avoir de vos nouvelles. Adresse AMMERSEEHOTELGT Hotel- und Gastronomiebetriebs-GmbHSummerstra\u00dfe 3282211 HerrschingT\u00e9l\u00e9phone&nbsp;: +49 8152 \/ 96870Adresse postale : info@ammersee-hotel.de Heures d\u2019ouverture Steg 32 Horaires d\u2019ouverture de notre restaurant :Ouvert tous les jours de 07h00 \u00e0 23h00 PETIT D\u00c9JEUNERLundi &#8211; Dimanche07h00 \u00e0 11h00 Suivez-nous Instagram Facebook Bitte aktiviere JavaScript in deinem Browser, um [&hellip;]","og_url":"https:\/\/ammersee-hotel.de\/fr\/contact\/","og_site_name":"Ammersee Hotel","article_modified_time":"2025-10-01T08:06:42+00:00","twitter_card":"summary_large_image","schema":{"@context":"https:\/\/schema.org","@graph":[{"@type":"WebPage","@id":"https:\/\/ammersee-hotel.de\/fr\/contact\/","url":"https:\/\/ammersee-hotel.de\/fr\/contact\/","name":"Contact - Ammersee Hotel","isPartOf":{"@id":"https:\/\/ammersee-hotel.de\/fr\/#website"},"datePublished":"2021-05-11T03:33:17+00:00","dateModified":"2025-10-01T08:06:42+00:00","breadcrumb":{"@id":"https:\/\/ammersee-hotel.de\/fr\/contact\/#breadcrumb"},"inLanguage":"fr-FR","potentialAction":[{"@type":"ReadAction","target":["https:\/\/ammersee-hotel.de\/fr\/contact\/"]}]},{"@type":"BreadcrumbList","@id":"https:\/\/ammersee-hotel.de\/fr\/contact\/#breadcrumb","itemListElement":[{"@type":"ListItem","position":1,"name":"Startseite","item":"https:\/\/ammersee-hotel.de\/fr\/"},{"@type":"ListItem","position":2,"name":"Contact"}]},{"@type":"WebSite","@id":"https:\/\/ammersee-hotel.de\/fr\/#website","url":"https:\/\/ammersee-hotel.de\/fr\/","name":"Ammersee Hotel","description":"Willkommen am See","publisher":{"@id":"https:\/\/ammersee-hotel.de\/fr\/#organization"},"potentialAction":[{"@type":"SearchAction","target":{"@type":"EntryPoint","urlTemplate":"https:\/\/ammersee-hotel.de\/fr\/?s={search_term_string}"},"query-input":{"@type":"PropertyValueSpecification","valueRequired":true,"valueName":"search_term_string"}}],"inLanguage":"fr-FR"},{"@type":"Organization","@id":"https:\/\/ammersee-hotel.de\/fr\/#organization","name":"Ammersee Hotel","url":"https:\/\/ammersee-hotel.de\/fr\/","logo":{"@type":"ImageObject","inLanguage":"fr-FR","@id":"https:\/\/ammersee-hotel.de\/fr\/#\/schema\/logo\/image\/","url":"https:\/\/ammersee-hotel.de\/wp-content\/uploads\/2022\/09\/Logo-Web.svg","contentUrl":"https:\/\/ammersee-hotel.de\/wp-content\/uploads\/2022\/09\/Logo-Web.svg","width":172,"height":17,"caption":"Ammersee Hotel"},"image":{"@id":"https:\/\/ammersee-hotel.de\/fr\/#\/schema\/logo\/image\/"}}]}},"_links":{"self":[{"href":"https:\/\/ammersee-hotel.de\/fr\/wp-json\/wp\/v2\/pages\/8042","targetHints":{"allow":["GET"]}}],"collection":[{"href":"https:\/\/ammersee-hotel.de\/fr\/wp-json\/wp\/v2\/pages"}],"about":[{"href":"https:\/\/ammersee-hotel.de\/fr\/wp-json\/wp\/v2\/types\/page"}],"author":[{"embeddable":true,"href":"https:\/\/ammersee-hotel.de\/fr\/wp-json\/wp\/v2\/users\/1"}],"replies":[{"embeddable":true,"href":"https:\/\/ammersee-hotel.de\/fr\/wp-json\/wp\/v2\/comments?post=8042"}],"version-history":[{"count":4,"href":"https:\/\/ammersee-hotel.de\/fr\/wp-json\/wp\/v2\/pages\/8042\/revisions"}],"predecessor-version":[{"id":8062,"href":"https:\/\/ammersee-hotel.de\/fr\/wp-json\/wp\/v2\/pages\/8042\/revisions\/8062"}],"wp:attachment":[{"href":"https:\/\/ammersee-hotel.de\/fr\/wp-json\/wp\/v2\/media?parent=8042"}],"curies":[{"name":"wp","href":"https:\/\/api.w.org\/{rel}","templated":true}]}}