{"id":3511,"date":"2022-11-11T13:11:15","date_gmt":"2022-11-11T12:11:15","guid":{"rendered":"http:\/\/ammersee-hotel.com\/imprint\/"},"modified":"2026-02-03T08:30:21","modified_gmt":"2026-02-03T07:30:21","slug":"imprint","status":"publish","type":"page","link":"https:\/\/ammersee-hotel.de\/en\/imprint\/","title":{"rendered":"Imprint"},"content":{"rendered":"\t\t<div data-elementor-type=\"wp-page\" data-elementor-id=\"3511\" class=\"elementor elementor-3511 elementor-3043\" data-elementor-post-type=\"page\">\n\t\t\t\t\t\t<section class=\"elementor-section elementor-top-section elementor-element elementor-element-ca24a51 elementor-section-boxed elementor-section-height-default elementor-section-height-default\" data-id=\"ca24a51\" data-element_type=\"section\" data-e-type=\"section\">\n\t\t\t\t\t\t<div class=\"elementor-container elementor-column-gap-default\">\n\t\t\t\t\t<div class=\"elementor-column elementor-col-100 elementor-top-column elementor-element elementor-element-088978a\" data-id=\"088978a\" data-element_type=\"column\" data-e-type=\"column\">\n\t\t\t<div class=\"elementor-widget-wrap elementor-element-populated\">\n\t\t\t\t\t\t<div class=\"elementor-element elementor-element-83f917c elementor-widget elementor-widget-spacer\" data-id=\"83f917c\" data-element_type=\"widget\" data-e-type=\"widget\" data-widget_type=\"spacer.default\">\n\t\t\t\t<div class=\"elementor-widget-container\">\n\t\t\t\t\t\t\t<div class=\"elementor-spacer\">\n\t\t\t<div class=\"elementor-spacer-inner\"><\/div>\n\t\t<\/div>\n\t\t\t\t\t\t<\/div>\n\t\t\t\t<\/div>\n\t\t\t\t\t<\/div>\n\t\t<\/div>\n\t\t\t\t\t<\/div>\n\t\t<\/section>\n\t\t\t\t<section class=\"elementor-section elementor-top-section elementor-element elementor-element-1391bd4f elementor-section-boxed elementor-section-height-default elementor-section-height-default\" data-id=\"1391bd4f\" data-element_type=\"section\" data-e-type=\"section\" data-settings=\"{&quot;background_background&quot;:&quot;classic&quot;}\">\n\t\t\t\t\t\t<div class=\"elementor-container elementor-column-gap-no\">\n\t\t\t\t\t<div class=\"elementor-column elementor-col-100 elementor-top-column elementor-element elementor-element-eb88eb7\" data-id=\"eb88eb7\" data-element_type=\"column\" data-e-type=\"column\">\n\t\t\t<div class=\"elementor-widget-wrap elementor-element-populated\">\n\t\t\t\t\t\t<div class=\"elementor-element elementor-element-75d50758 elementor-widget elementor-widget-text-editor\" data-id=\"75d50758\" data-element_type=\"widget\" data-e-type=\"widget\" data-widget_type=\"text-editor.default\">\n\t\t\t\t<div class=\"elementor-widget-container\">\n\t\t\t\t\t\t\t\t\t<h2>IMPRINT<\/h2>\n<h3>Information pursuant to Sect. 5 German Telemedia Act (TMG)<\/h3>\n<p>Ammersee Hotel- und Gastronomiebetriebs GmbH &amp; Co.KG<br \/>Summerstrasse 32<br \/>82211 Herrsching<\/p>\n<p><strong>Management:<\/strong><\/p>\n<p>Mathes Th\u00e4sler, Severine Th\u00e4sler-J\u00e4ger<\/p>\n<p><strong>Contact<\/strong><\/p>\n<p>Telephone: +49 8152 9687-0<br \/>Telefax: +49 8152 9687-110<br \/>Email: info@ammersee-hotel.de<\/p>\n<p>Registry Court: Amtsgericht M\u00fcnchen<br \/>Registernummer: HRA 110 257<\/p>\n<p><strong>VAT ID<\/strong><\/p>\n<p>VAT identification number in accordance with Section 27a of the German VAT Act:<br \/>&#8212; applied for &#8212;<\/p>\n<p><strong>Dispute resolution proceedings in front of a consumer arbitration board<\/strong><\/p>\n<p>We are neither willing nor obligated to participate in dispute resolution proceedings before a consumer arbitration board.<\/p>\n\t\t\t\t\t\t\t\t<\/div>\n\t\t\t\t<\/div>\n\t\t\t\t\t<\/div>\n\t\t<\/div>\n\t\t\t\t\t<\/div>\n\t\t<\/section>\n\t\t\t\t<\/div>\n\t\t","protected":false},"excerpt":{"rendered":"<p>IMPRINT Information pursuant to Sect. 5 German Telemedia Act (TMG) Ammersee Hotel- und Gastronomiebetriebs GmbH &amp; Co.KGSummerstrasse 3282211 Herrsching Management: Mathes Th\u00e4sler, Severine Th\u00e4sler-J\u00e4ger Contact Telephone: +49 8152 9687-0Telefax: +49 8152 9687-110Email: info@ammersee-hotel.de Registry Court: Amtsgericht M\u00fcnchenRegisternummer: HRA 110 257 VAT ID VAT identification number in accordance with Section 27a of the German VAT Act:&#8212; [&hellip;]<\/p>\n","protected":false},"author":1,"featured_media":0,"parent":0,"menu_order":0,"comment_status":"closed","ping_status":"closed","template":"","meta":{"site-sidebar-layout":"no-sidebar","site-content-layout":"page-builder","ast-site-content-layout":"","site-content-style":"default","site-sidebar-style":"default","ast-global-header-display":"","ast-banner-title-visibility":"","ast-main-header-display":"","ast-hfb-above-header-display":"","ast-hfb-below-header-display":"","ast-hfb-mobile-header-display":"","site-post-title":"","ast-breadcrumbs-content":"","ast-featured-img":"","footer-sml-layout":"","theme-transparent-header-meta":"default","adv-header-id-meta":"","stick-header-meta":"default","header-above-stick-meta":"","header-main-stick-meta":"","header-below-stick-meta":"","astra-migrate-meta-layouts":"default","ast-page-background-enabled":"default","ast-page-background-meta":{"desktop":{"background-color":"","background-image":"","background-repeat":"repeat","background-position":"center center","background-size":"auto","background-attachment":"scroll","background-type":"","background-media":"","overlay-type":"","overlay-color":"","overlay-opacity":"","overlay-gradient":""},"tablet":{"background-color":"","background-image":"","background-repeat":"repeat","background-position":"center center","background-size":"auto","background-attachment":"scroll","background-type":"","background-media":"","overlay-type":"","overlay-color":"","overlay-opacity":"","overlay-gradient":""},"mobile":{"background-color":"","background-image":"","background-repeat":"repeat","background-position":"center center","background-size":"auto","background-attachment":"scroll","background-type":"","background-media":"","overlay-type":"","overlay-color":"","overlay-opacity":"","overlay-gradient":""}},"ast-content-background-meta":{"desktop":{"background-color":"var(--ast-global-color-5)","background-image":"","background-repeat":"repeat","background-position":"center center","background-size":"auto","background-attachment":"scroll","background-type":"","background-media":"","overlay-type":"","overlay-color":"","overlay-opacity":"","overlay-gradient":""},"tablet":{"background-color":"var(--ast-global-color-5)","background-image":"","background-repeat":"repeat","background-position":"center center","background-size":"auto","background-attachment":"scroll","background-type":"","background-media":"","overlay-type":"","overlay-color":"","overlay-opacity":"","overlay-gradient":""},"mobile":{"background-color":"var(--ast-global-color-5)","background-image":"","background-repeat":"repeat","background-position":"center center","background-size":"auto","background-attachment":"scroll","background-type":"","background-media":"","overlay-type":"","overlay-color":"","overlay-opacity":"","overlay-gradient":""}},"footnotes":""},"class_list":["post-3511","page","type-page","status-publish","hentry"],"yoast_head":"<!-- This site is optimized with the Yoast SEO plugin v24.4 - https:\/\/yoast.com\/wordpress\/plugins\/seo\/ -->\n<title>Imprint - Ammersee Hotel<\/title>\n<meta name=\"robots\" content=\"index, follow, max-snippet:-1, max-image-preview:large, max-video-preview:-1\" \/>\n<link rel=\"canonical\" href=\"https:\/\/ammersee-hotel.de\/en\/imprint\/\" \/>\n<meta property=\"og:locale\" content=\"en_US\" \/>\n<meta property=\"og:type\" content=\"article\" \/>\n<meta property=\"og:title\" content=\"Imprint - Ammersee Hotel\" \/>\n<meta property=\"og:description\" content=\"IMPRINT Information pursuant to Sect. 5 German Telemedia Act (TMG) Ammersee Hotel- und Gastronomiebetriebs GmbH &amp; Co.KGSummerstrasse 3282211 Herrsching Management: Mathes Th\u00e4sler, Severine Th\u00e4sler-J\u00e4ger Contact Telephone: +49 8152 9687-0Telefax: +49 8152 9687-110Email: info@ammersee-hotel.de Registry Court: Amtsgericht M\u00fcnchenRegisternummer: HRA 110 257 VAT ID VAT identification number in accordance with Section 27a of the German VAT Act:&#8212; [&hellip;]\" \/>\n<meta property=\"og:url\" content=\"https:\/\/ammersee-hotel.de\/en\/imprint\/\" \/>\n<meta property=\"og:site_name\" content=\"Ammersee Hotel\" \/>\n<meta property=\"article:modified_time\" content=\"2026-02-03T07:30:21+00:00\" \/>\n<meta name=\"twitter:card\" content=\"summary_large_image\" \/>\n<script type=\"application\/ld+json\" class=\"yoast-schema-graph\">{\"@context\":\"https:\/\/schema.org\",\"@graph\":[{\"@type\":\"WebPage\",\"@id\":\"https:\/\/ammersee-hotel.de\/en\/imprint\/\",\"url\":\"https:\/\/ammersee-hotel.de\/en\/imprint\/\",\"name\":\"Imprint - Ammersee Hotel\",\"isPartOf\":{\"@id\":\"https:\/\/ammersee-hotel.de\/en\/#website\"},\"datePublished\":\"2022-11-11T12:11:15+00:00\",\"dateModified\":\"2026-02-03T07:30:21+00:00\",\"breadcrumb\":{\"@id\":\"https:\/\/ammersee-hotel.de\/en\/imprint\/#breadcrumb\"},\"inLanguage\":\"en-US\",\"potentialAction\":[{\"@type\":\"ReadAction\",\"target\":[\"https:\/\/ammersee-hotel.de\/en\/imprint\/\"]}]},{\"@type\":\"BreadcrumbList\",\"@id\":\"https:\/\/ammersee-hotel.de\/en\/imprint\/#breadcrumb\",\"itemListElement\":[{\"@type\":\"ListItem\",\"position\":1,\"name\":\"Startseite\",\"item\":\"https:\/\/ammersee-hotel.de\/en\/\"},{\"@type\":\"ListItem\",\"position\":2,\"name\":\"Imprint\"}]},{\"@type\":\"WebSite\",\"@id\":\"https:\/\/ammersee-hotel.de\/en\/#website\",\"url\":\"https:\/\/ammersee-hotel.de\/en\/\",\"name\":\"Ammersee Hotel\",\"description\":\"Welcome to the lake\",\"publisher\":{\"@id\":\"https:\/\/ammersee-hotel.de\/en\/#organization\"},\"potentialAction\":[{\"@type\":\"SearchAction\",\"target\":{\"@type\":\"EntryPoint\",\"urlTemplate\":\"https:\/\/ammersee-hotel.de\/en\/?s={search_term_string}\"},\"query-input\":{\"@type\":\"PropertyValueSpecification\",\"valueRequired\":true,\"valueName\":\"search_term_string\"}}],\"inLanguage\":\"en-US\"},{\"@type\":\"Organization\",\"@id\":\"https:\/\/ammersee-hotel.de\/en\/#organization\",\"name\":\"Ammersee Hotel\",\"url\":\"https:\/\/ammersee-hotel.de\/en\/\",\"logo\":{\"@type\":\"ImageObject\",\"inLanguage\":\"en-US\",\"@id\":\"https:\/\/ammersee-hotel.de\/en\/#\/schema\/logo\/image\/\",\"url\":\"https:\/\/ammersee-hotel.de\/wp-content\/uploads\/2022\/09\/Logo-Web.svg\",\"contentUrl\":\"https:\/\/ammersee-hotel.de\/wp-content\/uploads\/2022\/09\/Logo-Web.svg\",\"width\":172,\"height\":17,\"caption\":\"Ammersee Hotel\"},\"image\":{\"@id\":\"https:\/\/ammersee-hotel.de\/en\/#\/schema\/logo\/image\/\"}}]}<\/script>\n<!-- \/ Yoast SEO plugin. -->","yoast_head_json":{"title":"Imprint - Ammersee Hotel","robots":{"index":"index","follow":"follow","max-snippet":"max-snippet:-1","max-image-preview":"max-image-preview:large","max-video-preview":"max-video-preview:-1"},"canonical":"https:\/\/ammersee-hotel.de\/en\/imprint\/","og_locale":"en_US","og_type":"article","og_title":"Imprint - Ammersee Hotel","og_description":"IMPRINT Information pursuant to Sect. 5 German Telemedia Act (TMG) Ammersee Hotel- und Gastronomiebetriebs GmbH &amp; Co.KGSummerstrasse 3282211 Herrsching Management: Mathes Th\u00e4sler, Severine Th\u00e4sler-J\u00e4ger Contact Telephone: +49 8152 9687-0Telefax: +49 8152 9687-110Email: info@ammersee-hotel.de Registry Court: Amtsgericht M\u00fcnchenRegisternummer: HRA 110 257 VAT ID VAT identification number in accordance with Section 27a of the German VAT Act:&#8212; [&hellip;]","og_url":"https:\/\/ammersee-hotel.de\/en\/imprint\/","og_site_name":"Ammersee Hotel","article_modified_time":"2026-02-03T07:30:21+00:00","twitter_card":"summary_large_image","schema":{"@context":"https:\/\/schema.org","@graph":[{"@type":"WebPage","@id":"https:\/\/ammersee-hotel.de\/en\/imprint\/","url":"https:\/\/ammersee-hotel.de\/en\/imprint\/","name":"Imprint - Ammersee Hotel","isPartOf":{"@id":"https:\/\/ammersee-hotel.de\/en\/#website"},"datePublished":"2022-11-11T12:11:15+00:00","dateModified":"2026-02-03T07:30:21+00:00","breadcrumb":{"@id":"https:\/\/ammersee-hotel.de\/en\/imprint\/#breadcrumb"},"inLanguage":"en-US","potentialAction":[{"@type":"ReadAction","target":["https:\/\/ammersee-hotel.de\/en\/imprint\/"]}]},{"@type":"BreadcrumbList","@id":"https:\/\/ammersee-hotel.de\/en\/imprint\/#breadcrumb","itemListElement":[{"@type":"ListItem","position":1,"name":"Startseite","item":"https:\/\/ammersee-hotel.de\/en\/"},{"@type":"ListItem","position":2,"name":"Imprint"}]},{"@type":"WebSite","@id":"https:\/\/ammersee-hotel.de\/en\/#website","url":"https:\/\/ammersee-hotel.de\/en\/","name":"Ammersee Hotel","description":"Welcome to the lake","publisher":{"@id":"https:\/\/ammersee-hotel.de\/en\/#organization"},"potentialAction":[{"@type":"SearchAction","target":{"@type":"EntryPoint","urlTemplate":"https:\/\/ammersee-hotel.de\/en\/?s={search_term_string}"},"query-input":{"@type":"PropertyValueSpecification","valueRequired":true,"valueName":"search_term_string"}}],"inLanguage":"en-US"},{"@type":"Organization","@id":"https:\/\/ammersee-hotel.de\/en\/#organization","name":"Ammersee Hotel","url":"https:\/\/ammersee-hotel.de\/en\/","logo":{"@type":"ImageObject","inLanguage":"en-US","@id":"https:\/\/ammersee-hotel.de\/en\/#\/schema\/logo\/image\/","url":"https:\/\/ammersee-hotel.de\/wp-content\/uploads\/2022\/09\/Logo-Web.svg","contentUrl":"https:\/\/ammersee-hotel.de\/wp-content\/uploads\/2022\/09\/Logo-Web.svg","width":172,"height":17,"caption":"Ammersee Hotel"},"image":{"@id":"https:\/\/ammersee-hotel.de\/en\/#\/schema\/logo\/image\/"}}]}},"_links":{"self":[{"href":"https:\/\/ammersee-hotel.de\/en\/wp-json\/wp\/v2\/pages\/3511","targetHints":{"allow":["GET"]}}],"collection":[{"href":"https:\/\/ammersee-hotel.de\/en\/wp-json\/wp\/v2\/pages"}],"about":[{"href":"https:\/\/ammersee-hotel.de\/en\/wp-json\/wp\/v2\/types\/page"}],"author":[{"embeddable":true,"href":"https:\/\/ammersee-hotel.de\/en\/wp-json\/wp\/v2\/users\/1"}],"replies":[{"embeddable":true,"href":"https:\/\/ammersee-hotel.de\/en\/wp-json\/wp\/v2\/comments?post=3511"}],"version-history":[{"count":15,"href":"https:\/\/ammersee-hotel.de\/en\/wp-json\/wp\/v2\/pages\/3511\/revisions"}],"predecessor-version":[{"id":9066,"href":"https:\/\/ammersee-hotel.de\/en\/wp-json\/wp\/v2\/pages\/3511\/revisions\/9066"}],"wp:attachment":[{"href":"https:\/\/ammersee-hotel.de\/en\/wp-json\/wp\/v2\/media?parent=3511"}],"curies":[{"name":"wp","href":"https:\/\/api.w.org\/{rel}","templated":true}]}}